{"id":2800,"date":"2024-03-29T12:37:29","date_gmt":"2024-03-29T11:37:29","guid":{"rendered":"https:\/\/kristinatex.com\/?post_type=product&#038;p=2800"},"modified":"2024-08-07T11:14:58","modified_gmt":"2024-08-07T09:14:58","slug":"kt-3","status":"publish","type":"product","link":"https:\/\/kristinatex.com\/de\/produkt-de\/kt-3\/","title":{"rendered":"KT 3"},"content":{"rendered":"<p>Erleben Sie die raffinierte Mischung aus Baumwoll- und Acrylgarnen in der KT 3 Kollektion. Diese Kombination bietet das perfekte Gleichgewicht zwischen Haltbarkeit und luxuri\u00f6ser Weichheit, erh\u00e4ltlich in vielseitigen Farbt\u00f6nen f\u00fcr verschiedene Projekte.<\/p>\n<p><strong>Wichtige Informationen:<\/strong> <em>Wir bem\u00fchen uns, das Bild so genau wie m\u00f6glich darzustellen, jedoch sind Unterschiede in Farben und Aussehen zul\u00e4ssig. Farben und Wei\u00dfabgleich h\u00e4ngen von den individuellen Einstellungen des Displays ab, auf dem die Seite angesehen wird.<\/em><\/p>\n","protected":false},"excerpt":{"rendered":"<p>Erleben Sie die raffinierte Mischung aus Baumwoll- und Acrylgarnen in der KT 3 Kollektion. Diese Kombination bietet das perfekte Gleichgewicht zwischen Haltbarkeit und luxuri\u00f6ser Weichheit, erh\u00e4ltlich in vielseitigen Farbt\u00f6nen f\u00fcr verschiedene Projekte. Wichtige Informationen: Wir bem\u00fchen uns, das Bild so genau wie m\u00f6glich darzustellen, jedoch sind Unterschiede in Farben und Aussehen zul\u00e4ssig. Farben und Wei\u00dfabgleich&hellip; <\/p>\n","protected":false},"featured_media":2783,"comment_status":"closed","ping_status":"closed","template":"","meta":{"_acf_changed":false,"inline_featured_image":false},"product_cat":[151],"product_tag":[],"class_list":{"0":"post-2800","1":"product","2":"type-product","3":"status-publish","4":"has-post-thumbnail","6":"product_cat-przedza-dziewiarska","9":"instock","10":"shipping-taxable","11":"product-type-simple"},"translation":{"provider":"WPGlobus","version":"2.12.2","language":"de","enabled_languages":["pl","en","de"],"languages":{"pl":{"title":true,"content":true,"excerpt":false},"en":{"title":true,"content":true,"excerpt":false},"de":{"title":true,"content":true,"excerpt":false}}},"acf":[],"_links":{"self":[{"href":"https:\/\/kristinatex.com\/de\/wp-json\/wp\/v2\/product\/2800","targetHints":{"allow":["GET"]}}],"collection":[{"href":"https:\/\/kristinatex.com\/de\/wp-json\/wp\/v2\/product"}],"about":[{"href":"https:\/\/kristinatex.com\/de\/wp-json\/wp\/v2\/types\/product"}],"replies":[{"embeddable":true,"href":"https:\/\/kristinatex.com\/de\/wp-json\/wp\/v2\/comments?post=2800"}],"wp:featuredmedia":[{"embeddable":true,"href":"https:\/\/kristinatex.com\/de\/wp-json\/wp\/v2\/media\/2783"}],"wp:attachment":[{"href":"https:\/\/kristinatex.com\/de\/wp-json\/wp\/v2\/media?parent=2800"}],"wp:term":[{"taxonomy":"product_cat","embeddable":true,"href":"https:\/\/kristinatex.com\/de\/wp-json\/wp\/v2\/product_cat?post=2800"},{"taxonomy":"product_tag","embeddable":true,"href":"https:\/\/kristinatex.com\/de\/wp-json\/wp\/v2\/product_tag?post=2800"}],"curies":[{"name":"wp","href":"https:\/\/api.w.org\/{rel}","templated":true}]}}