{"id":2797,"date":"2024-03-29T12:29:02","date_gmt":"2024-03-29T11:29:02","guid":{"rendered":"https:\/\/kristinatex.com\/?post_type=product&#038;p=2797"},"modified":"2024-08-08T08:55:46","modified_gmt":"2024-08-08T06:55:46","slug":"kt-4","status":"publish","type":"product","link":"https:\/\/kristinatex.com\/de\/produkt-de\/kt-4\/","title":{"rendered":"KT 4"},"content":{"rendered":"<p>Die KT 4 Garne bestehen aus hochwertigen Mischungen aus nat\u00fcrlichen und synthetischen Fasern, ideal f\u00fcr die Erstellung eleganter und widerstandsf\u00e4higer Designs. Diese Garne bieten eine harmonische Balance aus St\u00e4rke und Sch\u00f6nheit und sind ein Muss f\u00fcr jeden Strickkenner.<\/p>\n<p><strong>Wichtige Informationen:<\/strong> <em>Wir bem\u00fchen uns, das Bild so genau wie m\u00f6glich darzustellen, jedoch sind Unterschiede in Farben und Aussehen zul\u00e4ssig. Farben und Wei\u00dfabgleich h\u00e4ngen von den individuellen Einstellungen des Displays ab, auf dem die Seite angesehen wird.<\/em><\/p>\n","protected":false},"excerpt":{"rendered":"<p>Die KT 4 Garne bestehen aus hochwertigen Mischungen aus nat\u00fcrlichen und synthetischen Fasern, ideal f\u00fcr die Erstellung eleganter und widerstandsf\u00e4higer Designs. Diese Garne bieten eine harmonische Balance aus St\u00e4rke und Sch\u00f6nheit und sind ein Muss f\u00fcr jeden Strickkenner. Wichtige Informationen: Wir bem\u00fchen uns, das Bild so genau wie m\u00f6glich darzustellen, jedoch sind Unterschiede in Farben&hellip; <\/p>\n","protected":false},"featured_media":2784,"comment_status":"closed","ping_status":"closed","template":"","meta":{"_acf_changed":false,"inline_featured_image":false},"product_cat":[151],"product_tag":[],"class_list":{"0":"post-2797","1":"product","2":"type-product","3":"status-publish","4":"has-post-thumbnail","6":"product_cat-przedza-dziewiarska","9":"instock","10":"shipping-taxable","11":"product-type-simple"},"translation":{"provider":"WPGlobus","version":"2.12.2","language":"de","enabled_languages":["pl","en","de"],"languages":{"pl":{"title":true,"content":true,"excerpt":false},"en":{"title":false,"content":true,"excerpt":false},"de":{"title":false,"content":true,"excerpt":false}}},"acf":[],"_links":{"self":[{"href":"https:\/\/kristinatex.com\/de\/wp-json\/wp\/v2\/product\/2797","targetHints":{"allow":["GET"]}}],"collection":[{"href":"https:\/\/kristinatex.com\/de\/wp-json\/wp\/v2\/product"}],"about":[{"href":"https:\/\/kristinatex.com\/de\/wp-json\/wp\/v2\/types\/product"}],"replies":[{"embeddable":true,"href":"https:\/\/kristinatex.com\/de\/wp-json\/wp\/v2\/comments?post=2797"}],"wp:featuredmedia":[{"embeddable":true,"href":"https:\/\/kristinatex.com\/de\/wp-json\/wp\/v2\/media\/2784"}],"wp:attachment":[{"href":"https:\/\/kristinatex.com\/de\/wp-json\/wp\/v2\/media?parent=2797"}],"wp:term":[{"taxonomy":"product_cat","embeddable":true,"href":"https:\/\/kristinatex.com\/de\/wp-json\/wp\/v2\/product_cat?post=2797"},{"taxonomy":"product_tag","embeddable":true,"href":"https:\/\/kristinatex.com\/de\/wp-json\/wp\/v2\/product_tag?post=2797"}],"curies":[{"name":"wp","href":"https:\/\/api.w.org\/{rel}","templated":true}]}}