{"id":2794,"date":"2024-03-29T12:22:59","date_gmt":"2024-03-29T11:22:59","guid":{"rendered":"https:\/\/kristinatex.com\/?post_type=product&#038;p=2794"},"modified":"2024-08-08T09:08:15","modified_gmt":"2024-08-08T07:08:15","slug":"kt-5","status":"publish","type":"product","link":"https:\/\/kristinatex.com\/de\/produkt-de\/kt-5\/","title":{"rendered":"KT 5"},"content":{"rendered":"<p>Entdecken Sie die glatte, hochaufl\u00f6sende Stichqualit\u00e4t der KT 5 Acrylgarne. Erh\u00e4ltlich in einer Vielzahl von Farbt\u00f6nen, sind diese Garne ideal f\u00fcr Projekte, die ein poliertes Finish und eine gleichm\u00e4\u00dfige Textur erfordern und daf\u00fcr sorgen, dass jeder Stich ein Meisterwerk ist.<\/p>\n<p><strong>Wichtige Informationen:<\/strong> <em>Wir bem\u00fchen uns, das Bild so genau wie m\u00f6glich darzustellen, jedoch sind Unterschiede in Farben und Aussehen zul\u00e4ssig. Farben und Wei\u00dfabgleich h\u00e4ngen von den individuellen Einstellungen des Displays ab, auf dem die Seite angesehen wird.<\/em><\/p>\n","protected":false},"excerpt":{"rendered":"<p>Entdecken Sie die glatte, hochaufl\u00f6sende Stichqualit\u00e4t der KT 5 Acrylgarne. Erh\u00e4ltlich in einer Vielzahl von Farbt\u00f6nen, sind diese Garne ideal f\u00fcr Projekte, die ein poliertes Finish und eine gleichm\u00e4\u00dfige Textur erfordern und daf\u00fcr sorgen, dass jeder Stich ein Meisterwerk ist. Wichtige Informationen: Wir bem\u00fchen uns, das Bild so genau wie m\u00f6glich darzustellen, jedoch sind Unterschiede&hellip; <\/p>\n","protected":false},"featured_media":2785,"comment_status":"closed","ping_status":"closed","template":"","meta":{"_acf_changed":false,"inline_featured_image":false},"product_cat":[151],"product_tag":[],"class_list":{"0":"post-2794","1":"product","2":"type-product","3":"status-publish","4":"has-post-thumbnail","6":"product_cat-przedza-dziewiarska","9":"instock","10":"shipping-taxable","11":"product-type-simple"},"translation":{"provider":"WPGlobus","version":"2.12.2","language":"de","enabled_languages":["pl","en","de"],"languages":{"pl":{"title":true,"content":true,"excerpt":false},"en":{"title":false,"content":true,"excerpt":false},"de":{"title":false,"content":true,"excerpt":false}}},"acf":[],"_links":{"self":[{"href":"https:\/\/kristinatex.com\/de\/wp-json\/wp\/v2\/product\/2794","targetHints":{"allow":["GET"]}}],"collection":[{"href":"https:\/\/kristinatex.com\/de\/wp-json\/wp\/v2\/product"}],"about":[{"href":"https:\/\/kristinatex.com\/de\/wp-json\/wp\/v2\/types\/product"}],"replies":[{"embeddable":true,"href":"https:\/\/kristinatex.com\/de\/wp-json\/wp\/v2\/comments?post=2794"}],"wp:featuredmedia":[{"embeddable":true,"href":"https:\/\/kristinatex.com\/de\/wp-json\/wp\/v2\/media\/2785"}],"wp:attachment":[{"href":"https:\/\/kristinatex.com\/de\/wp-json\/wp\/v2\/media?parent=2794"}],"wp:term":[{"taxonomy":"product_cat","embeddable":true,"href":"https:\/\/kristinatex.com\/de\/wp-json\/wp\/v2\/product_cat?post=2794"},{"taxonomy":"product_tag","embeddable":true,"href":"https:\/\/kristinatex.com\/de\/wp-json\/wp\/v2\/product_tag?post=2794"}],"curies":[{"name":"wp","href":"https:\/\/api.w.org\/{rel}","templated":true}]}}