{"id":2793,"date":"2024-03-29T12:21:50","date_gmt":"2024-03-29T11:21:50","guid":{"rendered":"https:\/\/kristinatex.com\/?post_type=product&#038;p=2793"},"modified":"2024-08-08T09:10:16","modified_gmt":"2024-08-08T07:10:16","slug":"kt-17","status":"publish","type":"product","link":"https:\/\/kristinatex.com\/de\/produkt-de\/kt-17\/","title":{"rendered":"KT 17"},"content":{"rendered":"<p>Weich, langlebig und in einer breiten Palette von Farben erh\u00e4ltlich, erf\u00fcllen KT 17 Garne jedes kreative Bed\u00fcrfnis. Ob kuschelige Kleidungsst\u00fccke oder komplexe Muster, diese Garne sorgen f\u00fcr langanhaltende Qualit\u00e4t und lebendige Ergebnisse.<\/p>\n<p><strong>Wichtige Informationen:<\/strong> <em>Wir bem\u00fchen uns, das Bild so genau wie m\u00f6glich darzustellen, jedoch sind Unterschiede in Farben und Aussehen zul\u00e4ssig. Farben und Wei\u00dfabgleich h\u00e4ngen von den individuellen Einstellungen des Displays ab, auf dem die Seite angesehen wird.<\/em><\/p>\n","protected":false},"excerpt":{"rendered":"<p>Weich, langlebig und in einer breiten Palette von Farben erh\u00e4ltlich, erf\u00fcllen KT 17 Garne jedes kreative Bed\u00fcrfnis. Ob kuschelige Kleidungsst\u00fccke oder komplexe Muster, diese Garne sorgen f\u00fcr langanhaltende Qualit\u00e4t und lebendige Ergebnisse. Wichtige Informationen: Wir bem\u00fchen uns, das Bild so genau wie m\u00f6glich darzustellen, jedoch sind Unterschiede in Farben und Aussehen zul\u00e4ssig. Farben und Wei\u00dfabgleich&hellip; <\/p>\n","protected":false},"featured_media":2791,"comment_status":"closed","ping_status":"closed","template":"","meta":{"_acf_changed":false,"inline_featured_image":false},"product_cat":[151],"product_tag":[],"class_list":{"0":"post-2793","1":"product","2":"type-product","3":"status-publish","4":"has-post-thumbnail","6":"product_cat-przedza-dziewiarska","9":"instock","10":"shipping-taxable","11":"product-type-simple"},"translation":{"provider":"WPGlobus","version":"2.12.2","language":"de","enabled_languages":["pl","en","de"],"languages":{"pl":{"title":true,"content":true,"excerpt":false},"en":{"title":false,"content":true,"excerpt":false},"de":{"title":false,"content":true,"excerpt":false}}},"acf":[],"_links":{"self":[{"href":"https:\/\/kristinatex.com\/de\/wp-json\/wp\/v2\/product\/2793","targetHints":{"allow":["GET"]}}],"collection":[{"href":"https:\/\/kristinatex.com\/de\/wp-json\/wp\/v2\/product"}],"about":[{"href":"https:\/\/kristinatex.com\/de\/wp-json\/wp\/v2\/types\/product"}],"replies":[{"embeddable":true,"href":"https:\/\/kristinatex.com\/de\/wp-json\/wp\/v2\/comments?post=2793"}],"wp:featuredmedia":[{"embeddable":true,"href":"https:\/\/kristinatex.com\/de\/wp-json\/wp\/v2\/media\/2791"}],"wp:attachment":[{"href":"https:\/\/kristinatex.com\/de\/wp-json\/wp\/v2\/media?parent=2793"}],"wp:term":[{"taxonomy":"product_cat","embeddable":true,"href":"https:\/\/kristinatex.com\/de\/wp-json\/wp\/v2\/product_cat?post=2793"},{"taxonomy":"product_tag","embeddable":true,"href":"https:\/\/kristinatex.com\/de\/wp-json\/wp\/v2\/product_tag?post=2793"}],"curies":[{"name":"wp","href":"https:\/\/api.w.org\/{rel}","templated":true}]}}