{"id":2698,"date":"2024-02-27T09:35:39","date_gmt":"2024-02-27T08:35:39","guid":{"rendered":"https:\/\/kristinatex.com\/?post_type=product&#038;p=2698"},"modified":"2024-08-12T12:19:37","modified_gmt":"2024-08-12T10:19:37","slug":"volle","status":"publish","type":"product","link":"https:\/\/kristinatex.com\/de\/produkt-de\/volle\/","title":{"rendered":"VOLLE"},"content":{"rendered":"<p>Der Volle-Stoff bietet ein luxuri\u00f6ses Gef\u00fchl mit hydrophoben Eigenschaften, perfekt f\u00fcr Haushalte mit Kindern oder Haustieren. Seine lebendigen Farben verleihen jedem Raum einen Hauch von Opulenz. Bestellen Sie Volle f\u00fcr eine atemberaubende Verwandlung.<\/p>\n<p><strong>Wichtige Informationen:<\/strong> <em>Wir bem\u00fchen uns, das Bild so genau wie m\u00f6glich darzustellen, jedoch sind Unterschiede in Farben und Aussehen zul\u00e4ssig. Farben und Wei\u00dfabgleich h\u00e4ngen von den individuellen Einstellungen des Displays ab, auf dem die Seite angesehen wird.<\/em><\/p>\n","protected":false},"excerpt":{"rendered":"<p>Der Volle-Stoff bietet ein luxuri\u00f6ses Gef\u00fchl mit hydrophoben Eigenschaften, perfekt f\u00fcr Haushalte mit Kindern oder Haustieren. Seine lebendigen Farben verleihen jedem Raum einen Hauch von Opulenz. Bestellen Sie Volle f\u00fcr eine atemberaubende Verwandlung. Wichtige Informationen: Wir bem\u00fchen uns, das Bild so genau wie m\u00f6glich darzustellen, jedoch sind Unterschiede in Farben und Aussehen zul\u00e4ssig. Farben und&hellip; <\/p>\n","protected":false},"featured_media":3158,"comment_status":"open","ping_status":"closed","template":"","meta":{"_acf_changed":false,"inline_featured_image":false},"product_cat":[136,194],"product_tag":[],"class_list":{"0":"post-2698","1":"product","2":"type-product","3":"status-publish","4":"has-post-thumbnail","6":"product_cat-tkaniny-obiciowe","7":"product_cat-volle","10":"instock","11":"shipping-taxable","12":"product-type-simple"},"translation":{"provider":"WPGlobus","version":"2.12.2","language":"de","enabled_languages":["pl","en","de"],"languages":{"pl":{"title":true,"content":true,"excerpt":false},"en":{"title":false,"content":true,"excerpt":false},"de":{"title":false,"content":true,"excerpt":false}}},"acf":[],"_links":{"self":[{"href":"https:\/\/kristinatex.com\/de\/wp-json\/wp\/v2\/product\/2698","targetHints":{"allow":["GET"]}}],"collection":[{"href":"https:\/\/kristinatex.com\/de\/wp-json\/wp\/v2\/product"}],"about":[{"href":"https:\/\/kristinatex.com\/de\/wp-json\/wp\/v2\/types\/product"}],"replies":[{"embeddable":true,"href":"https:\/\/kristinatex.com\/de\/wp-json\/wp\/v2\/comments?post=2698"}],"wp:featuredmedia":[{"embeddable":true,"href":"https:\/\/kristinatex.com\/de\/wp-json\/wp\/v2\/media\/3158"}],"wp:attachment":[{"href":"https:\/\/kristinatex.com\/de\/wp-json\/wp\/v2\/media?parent=2698"}],"wp:term":[{"taxonomy":"product_cat","embeddable":true,"href":"https:\/\/kristinatex.com\/de\/wp-json\/wp\/v2\/product_cat?post=2698"},{"taxonomy":"product_tag","embeddable":true,"href":"https:\/\/kristinatex.com\/de\/wp-json\/wp\/v2\/product_tag?post=2698"}],"curies":[{"name":"wp","href":"https:\/\/api.w.org\/{rel}","templated":true}]}}