{"id":2687,"date":"2024-02-27T09:26:47","date_gmt":"2024-02-27T08:26:47","guid":{"rendered":"https:\/\/kristinatex.com\/?post_type=product&#038;p=2687"},"modified":"2024-08-23T10:16:02","modified_gmt":"2024-08-23T08:16:02","slug":"cord","status":"publish","type":"product","link":"https:\/\/kristinatex.com\/de\/produkt-de\/cord\/","title":{"rendered":"CORD"},"content":{"rendered":"<p>Der Cord-Stoff mit seiner gerippten Textur bietet Haltbarkeit und Komfort und macht ihn zu einer zeitlosen Wahl f\u00fcr Polsterungen. Sein klassisches Design und die Vielzahl an Farben sorgen daf\u00fcr, dass er zu jedem Dekor passt. Bestellen Sie Cord f\u00fcr dauerhaften Stil.<\/p>\n<p><strong>Wichtige Informationen:<\/strong> <em>Wir bem\u00fchen uns, das Bild so genau wie m\u00f6glich darzustellen, jedoch sind Unterschiede in Farben und Aussehen zul\u00e4ssig. Farben und Wei\u00dfabgleich h\u00e4ngen von den individuellen Einstellungen des Displays ab, auf dem die Seite angesehen wird.<\/em><\/p>\n","protected":false},"excerpt":{"rendered":"<p>Der Cord-Stoff mit seiner gerippten Textur bietet Haltbarkeit und Komfort und macht ihn zu einer zeitlosen Wahl f\u00fcr Polsterungen. Sein klassisches Design und die Vielzahl an Farben sorgen daf\u00fcr, dass er zu jedem Dekor passt. Bestellen Sie Cord f\u00fcr dauerhaften Stil. Wichtige Informationen: Wir bem\u00fchen uns, das Bild so genau wie m\u00f6glich darzustellen, jedoch sind&hellip; <\/p>\n","protected":false},"featured_media":2952,"comment_status":"open","ping_status":"closed","template":"","meta":{"_acf_changed":false,"inline_featured_image":false},"product_cat":[136,193,155],"product_tag":[],"class_list":{"0":"post-2687","1":"product","2":"type-product","3":"status-publish","4":"has-post-thumbnail","6":"product_cat-tkaniny-obiciowe","7":"product_cat-cord","8":"product_cat-hydrofobowe","11":"instock","12":"shipping-taxable","13":"product-type-simple"},"translation":{"provider":"WPGlobus","version":"2.12.2","language":"de","enabled_languages":["pl","en","de"],"languages":{"pl":{"title":true,"content":true,"excerpt":false},"en":{"title":false,"content":true,"excerpt":false},"de":{"title":false,"content":true,"excerpt":false}}},"acf":[],"_links":{"self":[{"href":"https:\/\/kristinatex.com\/de\/wp-json\/wp\/v2\/product\/2687","targetHints":{"allow":["GET"]}}],"collection":[{"href":"https:\/\/kristinatex.com\/de\/wp-json\/wp\/v2\/product"}],"about":[{"href":"https:\/\/kristinatex.com\/de\/wp-json\/wp\/v2\/types\/product"}],"replies":[{"embeddable":true,"href":"https:\/\/kristinatex.com\/de\/wp-json\/wp\/v2\/comments?post=2687"}],"wp:featuredmedia":[{"embeddable":true,"href":"https:\/\/kristinatex.com\/de\/wp-json\/wp\/v2\/media\/2952"}],"wp:attachment":[{"href":"https:\/\/kristinatex.com\/de\/wp-json\/wp\/v2\/media?parent=2687"}],"wp:term":[{"taxonomy":"product_cat","embeddable":true,"href":"https:\/\/kristinatex.com\/de\/wp-json\/wp\/v2\/product_cat?post=2687"},{"taxonomy":"product_tag","embeddable":true,"href":"https:\/\/kristinatex.com\/de\/wp-json\/wp\/v2\/product_tag?post=2687"}],"curies":[{"name":"wp","href":"https:\/\/api.w.org\/{rel}","templated":true}]}}