{"id":2634,"date":"2024-02-20T09:11:20","date_gmt":"2024-02-20T08:11:20","guid":{"rendered":"https:\/\/kristinatex.com\/produkt\/ultra-jet-oc-blue75\/"},"modified":"2024-08-08T09:30:18","modified_gmt":"2024-08-08T07:30:18","slug":"ultra-jet-oc-blue75","status":"publish","type":"product","link":"https:\/\/kristinatex.com\/de\/produkt-de\/ultra-jet-oc-blue75\/","title":{"rendered":"ULTRA JET OC.BLUE7,5"},"content":{"rendered":"<p>Der Ultra Jet OC.Blue7,5 Denimstoff bietet eine lebendige dunkelblaue Farbe, ideal f\u00fcr stilvolle und vielseitige Kleidung. Seine hochwertige Konstruktion sorgt daf\u00fcr, dass er ein Grundnahrungsmittel in Ihrer Garderobe bleibt. Bestellen Sie Ultra Jet OC.Blue7,5 jetzt.<\/p>\n<p><strong>Wichtige Informationen:<\/strong> <em>Wir bem\u00fchen uns, das Bild so genau wie m\u00f6glich darzustellen, jedoch sind Unterschiede in Farben und Aussehen zul\u00e4ssig. Farben und Wei\u00dfabgleich h\u00e4ngen von den individuellen Einstellungen des Displays ab, auf dem die Seite angesehen wird.<\/em><\/p>\n","protected":false},"excerpt":{"rendered":"<p>Der Ultra Jet OC.Blue7,5 Denimstoff bietet eine lebendige dunkelblaue Farbe, ideal f\u00fcr stilvolle und vielseitige Kleidung. Seine hochwertige Konstruktion sorgt daf\u00fcr, dass er ein Grundnahrungsmittel in Ihrer Garderobe bleibt. Bestellen Sie Ultra Jet OC.Blue7,5 jetzt. Wichtige Informationen: Wir bem\u00fchen uns, das Bild so genau wie m\u00f6glich darzustellen, jedoch sind Unterschiede in Farben und Aussehen zul\u00e4ssig.&hellip; <\/p>\n","protected":false},"featured_media":1958,"comment_status":"closed","ping_status":"closed","template":"","meta":{"_acf_changed":false,"inline_featured_image":false},"product_cat":[150],"product_tag":[],"class_list":{"0":"post-2634","1":"product","2":"type-product","3":"status-publish","4":"has-post-thumbnail","6":"product_cat-tkaniny-jeans","9":"instock","10":"product-type-simple"},"translation":{"provider":"WPGlobus","version":"2.12.2","language":"de","enabled_languages":["pl","en","de"],"languages":{"pl":{"title":true,"content":true,"excerpt":false},"en":{"title":false,"content":true,"excerpt":false},"de":{"title":false,"content":true,"excerpt":false}}},"acf":[],"_links":{"self":[{"href":"https:\/\/kristinatex.com\/de\/wp-json\/wp\/v2\/product\/2634","targetHints":{"allow":["GET"]}}],"collection":[{"href":"https:\/\/kristinatex.com\/de\/wp-json\/wp\/v2\/product"}],"about":[{"href":"https:\/\/kristinatex.com\/de\/wp-json\/wp\/v2\/types\/product"}],"replies":[{"embeddable":true,"href":"https:\/\/kristinatex.com\/de\/wp-json\/wp\/v2\/comments?post=2634"}],"wp:featuredmedia":[{"embeddable":true,"href":"https:\/\/kristinatex.com\/de\/wp-json\/wp\/v2\/media\/1958"}],"wp:attachment":[{"href":"https:\/\/kristinatex.com\/de\/wp-json\/wp\/v2\/media?parent=2634"}],"wp:term":[{"taxonomy":"product_cat","embeddable":true,"href":"https:\/\/kristinatex.com\/de\/wp-json\/wp\/v2\/product_cat?post=2634"},{"taxonomy":"product_tag","embeddable":true,"href":"https:\/\/kristinatex.com\/de\/wp-json\/wp\/v2\/product_tag?post=2634"}],"curies":[{"name":"wp","href":"https:\/\/api.w.org\/{rel}","templated":true}]}}