{"id":2633,"date":"2024-02-20T09:11:20","date_gmt":"2024-02-20T08:11:20","guid":{"rendered":"https:\/\/kristinatex.com\/produkt\/ultra-jet-mintblue\/"},"modified":"2024-08-08T09:35:24","modified_gmt":"2024-08-08T07:35:24","slug":"ultra-jet-mintblue","status":"publish","type":"product","link":"https:\/\/kristinatex.com\/de\/produkt-de\/ultra-jet-mintblue\/","title":{"rendered":"ULTRA JET MINTBLUE"},"content":{"rendered":"<p>Der Ultra Jet Mintblue Denimstoff bietet einen erfrischenden Blauton, perfekt f\u00fcr stilvolle und einzigartige Kleidung. Seine hochwertige Konstruktion sorgt f\u00fcr Komfort und Haltbarkeit. W\u00e4hlen Sie Ultra Jet Mintblue f\u00fcr auff\u00e4llige Mode.<\/p>\n<p><strong>Wichtige Informationen:<\/strong> <em>Wir bem\u00fchen uns, das Bild so genau wie m\u00f6glich darzustellen, jedoch sind Unterschiede in Farben und Aussehen zul\u00e4ssig. Farben und Wei\u00dfabgleich h\u00e4ngen von den individuellen Einstellungen des Displays ab, auf dem die Seite angesehen wird.<\/em><\/p>\n","protected":false},"excerpt":{"rendered":"<p>Der Ultra Jet Mintblue Denimstoff bietet einen erfrischenden Blauton, perfekt f\u00fcr stilvolle und einzigartige Kleidung. Seine hochwertige Konstruktion sorgt f\u00fcr Komfort und Haltbarkeit. W\u00e4hlen Sie Ultra Jet Mintblue f\u00fcr auff\u00e4llige Mode. Wichtige Informationen: Wir bem\u00fchen uns, das Bild so genau wie m\u00f6glich darzustellen, jedoch sind Unterschiede in Farben und Aussehen zul\u00e4ssig. Farben und Wei\u00dfabgleich h\u00e4ngen&hellip; <\/p>\n","protected":false},"featured_media":1960,"comment_status":"closed","ping_status":"closed","template":"","meta":{"_acf_changed":false,"inline_featured_image":false},"product_cat":[150],"product_tag":[],"class_list":{"0":"post-2633","1":"product","2":"type-product","3":"status-publish","4":"has-post-thumbnail","6":"product_cat-tkaniny-jeans","9":"instock","10":"product-type-simple"},"translation":{"provider":"WPGlobus","version":"2.12.2","language":"de","enabled_languages":["pl","en","de"],"languages":{"pl":{"title":true,"content":true,"excerpt":false},"en":{"title":false,"content":true,"excerpt":false},"de":{"title":false,"content":true,"excerpt":false}}},"acf":[],"_links":{"self":[{"href":"https:\/\/kristinatex.com\/de\/wp-json\/wp\/v2\/product\/2633","targetHints":{"allow":["GET"]}}],"collection":[{"href":"https:\/\/kristinatex.com\/de\/wp-json\/wp\/v2\/product"}],"about":[{"href":"https:\/\/kristinatex.com\/de\/wp-json\/wp\/v2\/types\/product"}],"replies":[{"embeddable":true,"href":"https:\/\/kristinatex.com\/de\/wp-json\/wp\/v2\/comments?post=2633"}],"wp:featuredmedia":[{"embeddable":true,"href":"https:\/\/kristinatex.com\/de\/wp-json\/wp\/v2\/media\/1960"}],"wp:attachment":[{"href":"https:\/\/kristinatex.com\/de\/wp-json\/wp\/v2\/media?parent=2633"}],"wp:term":[{"taxonomy":"product_cat","embeddable":true,"href":"https:\/\/kristinatex.com\/de\/wp-json\/wp\/v2\/product_cat?post=2633"},{"taxonomy":"product_tag","embeddable":true,"href":"https:\/\/kristinatex.com\/de\/wp-json\/wp\/v2\/product_tag?post=2633"}],"curies":[{"name":"wp","href":"https:\/\/api.w.org\/{rel}","templated":true}]}}