{"id":2632,"date":"2024-02-20T09:11:20","date_gmt":"2024-02-20T08:11:20","guid":{"rendered":"https:\/\/kristinatex.com\/produkt\/ultra-jet-brillant-blue\/"},"modified":"2024-07-12T09:02:26","modified_gmt":"2024-07-12T07:02:26","slug":"ultra-jet-brillant-blue","status":"publish","type":"product","link":"https:\/\/kristinatex.com\/de\/produkt-de\/ultra-jet-brillant-blue\/","title":{"rendered":"ULTRA JET BRILLANT BLUE"},"content":{"rendered":"<p>Der Ultra Jet Brillant Blue Denimstoff bietet einen lebendigen, auff\u00e4lligen Blauton, perfekt f\u00fcr mutige und stilvolle Kleidung. Seine Premium-Qualit\u00e4t sorgt f\u00fcr langanhaltenden Tragekomfort. Bestellen Sie Ultra Jet Brillant Blue f\u00fcr auff\u00e4llige Mode.<\/p>\n<p><strong>Hinweis:<\/strong> <em>Farben k\u00f6nnen aufgrund von Displayunterschieden leicht variieren.<\/em><\/p>\n","protected":false},"excerpt":{"rendered":"<p>Der Ultra Jet Brillant Blue Denimstoff bietet einen lebendigen, auff\u00e4lligen Blauton, perfekt f\u00fcr mutige und stilvolle Kleidung. Seine Premium-Qualit\u00e4t sorgt f\u00fcr langanhaltenden Tragekomfort. Bestellen Sie Ultra Jet Brillant Blue f\u00fcr auff\u00e4llige Mode. Hinweis: Farben k\u00f6nnen aufgrund von Displayunterschieden leicht variieren.<\/p>\n","protected":false},"featured_media":1962,"comment_status":"closed","ping_status":"closed","template":"","meta":{"_acf_changed":false,"inline_featured_image":false},"product_cat":[150],"product_tag":[],"class_list":{"0":"post-2632","1":"product","2":"type-product","3":"status-publish","4":"has-post-thumbnail","6":"product_cat-tkaniny-jeans","9":"instock","10":"product-type-simple"},"translation":{"provider":"WPGlobus","version":"2.12.2","language":"de","enabled_languages":["pl","en","de"],"languages":{"pl":{"title":true,"content":true,"excerpt":false},"en":{"title":false,"content":true,"excerpt":false},"de":{"title":false,"content":true,"excerpt":false}}},"acf":[],"_links":{"self":[{"href":"https:\/\/kristinatex.com\/de\/wp-json\/wp\/v2\/product\/2632","targetHints":{"allow":["GET"]}}],"collection":[{"href":"https:\/\/kristinatex.com\/de\/wp-json\/wp\/v2\/product"}],"about":[{"href":"https:\/\/kristinatex.com\/de\/wp-json\/wp\/v2\/types\/product"}],"replies":[{"embeddable":true,"href":"https:\/\/kristinatex.com\/de\/wp-json\/wp\/v2\/comments?post=2632"}],"wp:featuredmedia":[{"embeddable":true,"href":"https:\/\/kristinatex.com\/de\/wp-json\/wp\/v2\/media\/1962"}],"wp:attachment":[{"href":"https:\/\/kristinatex.com\/de\/wp-json\/wp\/v2\/media?parent=2632"}],"wp:term":[{"taxonomy":"product_cat","embeddable":true,"href":"https:\/\/kristinatex.com\/de\/wp-json\/wp\/v2\/product_cat?post=2632"},{"taxonomy":"product_tag","embeddable":true,"href":"https:\/\/kristinatex.com\/de\/wp-json\/wp\/v2\/product_tag?post=2632"}],"curies":[{"name":"wp","href":"https:\/\/api.w.org\/{rel}","templated":true}]}}