{"id":2630,"date":"2024-02-20T09:11:17","date_gmt":"2024-02-20T08:11:17","guid":{"rendered":"https:\/\/kristinatex.com\/produkt\/ultra-fit-black\/"},"modified":"2024-08-08T10:32:27","modified_gmt":"2024-08-08T08:32:27","slug":"ultra-fit-black","status":"publish","type":"product","link":"https:\/\/kristinatex.com\/de\/produkt-de\/ultra-fit-black\/","title":{"rendered":"ULTRA FIT BLACK"},"content":{"rendered":"<p>Der Ultra Fit Black Denimstoff bietet einen schlanken und raffinierten Look mit seinem tiefschwarzen Farbton. Perfekt f\u00fcr die Herstellung eleganter und moderner Kleidungsst\u00fccke. Bestellen Sie Ultra Fit Black noch heute f\u00fcr zeitlosen Stil.<\/p>\n<p><strong>Wichtige Informationen:<\/strong> <em>Wir bem\u00fchen uns, das Bild so genau wie m\u00f6glich darzustellen, jedoch sind Unterschiede in Farben und Aussehen zul\u00e4ssig. Farben und Wei\u00dfabgleich h\u00e4ngen von den individuellen Einstellungen des Displays ab, auf dem die Seite angesehen wird.<\/em><\/p>\n","protected":false},"excerpt":{"rendered":"<p>Der Ultra Fit Black Denimstoff bietet einen schlanken und raffinierten Look mit seinem tiefschwarzen Farbton. Perfekt f\u00fcr die Herstellung eleganter und moderner Kleidungsst\u00fccke. Bestellen Sie Ultra Fit Black noch heute f\u00fcr zeitlosen Stil. Wichtige Informationen: Wir bem\u00fchen uns, das Bild so genau wie m\u00f6glich darzustellen, jedoch sind Unterschiede in Farben und Aussehen zul\u00e4ssig. Farben und&hellip; <\/p>\n","protected":false},"featured_media":1988,"comment_status":"closed","ping_status":"closed","template":"","meta":{"_acf_changed":false,"inline_featured_image":false},"product_cat":[150],"product_tag":[],"class_list":{"0":"post-2630","1":"product","2":"type-product","3":"status-publish","4":"has-post-thumbnail","6":"product_cat-tkaniny-jeans","9":"instock","10":"product-type-simple"},"translation":{"provider":"WPGlobus","version":"2.12.2","language":"de","enabled_languages":["pl","en","de"],"languages":{"pl":{"title":true,"content":true,"excerpt":false},"en":{"title":false,"content":true,"excerpt":false},"de":{"title":false,"content":true,"excerpt":false}}},"acf":[],"_links":{"self":[{"href":"https:\/\/kristinatex.com\/de\/wp-json\/wp\/v2\/product\/2630","targetHints":{"allow":["GET"]}}],"collection":[{"href":"https:\/\/kristinatex.com\/de\/wp-json\/wp\/v2\/product"}],"about":[{"href":"https:\/\/kristinatex.com\/de\/wp-json\/wp\/v2\/types\/product"}],"replies":[{"embeddable":true,"href":"https:\/\/kristinatex.com\/de\/wp-json\/wp\/v2\/comments?post=2630"}],"wp:featuredmedia":[{"embeddable":true,"href":"https:\/\/kristinatex.com\/de\/wp-json\/wp\/v2\/media\/1988"}],"wp:attachment":[{"href":"https:\/\/kristinatex.com\/de\/wp-json\/wp\/v2\/media?parent=2630"}],"wp:term":[{"taxonomy":"product_cat","embeddable":true,"href":"https:\/\/kristinatex.com\/de\/wp-json\/wp\/v2\/product_cat?post=2630"},{"taxonomy":"product_tag","embeddable":true,"href":"https:\/\/kristinatex.com\/de\/wp-json\/wp\/v2\/product_tag?post=2630"}],"curies":[{"name":"wp","href":"https:\/\/api.w.org\/{rel}","templated":true}]}}