{"id":2614,"date":"2024-02-20T09:11:17","date_gmt":"2024-02-20T08:11:17","guid":{"rendered":"https:\/\/kristinatex.com\/produkt\/slouchy-g-opticwhite\/"},"modified":"2024-08-08T10:33:21","modified_gmt":"2024-08-08T08:33:21","slug":"slouchy-g-opticwhite","status":"publish","type":"product","link":"https:\/\/kristinatex.com\/de\/produkt-de\/slouchy-g-opticwhite\/","title":{"rendered":"SLOUCHY G OPTICWHITE"},"content":{"rendered":"<p>Der Slouchy G Opticwhite Denimstoff bietet einen sauberen, frischen Look mit seinem hellwei\u00dfen Farbton. Ideal f\u00fcr frische, moderne Stile. Seine strapazierf\u00e4hige Qualit\u00e4t sorgt daf\u00fcr, dass er ein Grundnahrungsmittel in jeder Kollektion bleibt. Bestellen Sie Slouchy G Opticwhite jetzt.<\/p>\n<p><strong>Wichtige Informationen:<\/strong> <em>Wir bem\u00fchen uns, das Bild so genau wie m\u00f6glich darzustellen, jedoch sind Unterschiede in Farben und Aussehen zul\u00e4ssig. Farben und Wei\u00dfabgleich h\u00e4ngen von den individuellen Einstellungen des Displays ab, auf dem die Seite angesehen wird.<\/em><\/p>\n","protected":false},"excerpt":{"rendered":"<p>Der Slouchy G Opticwhite Denimstoff bietet einen sauberen, frischen Look mit seinem hellwei\u00dfen Farbton. Ideal f\u00fcr frische, moderne Stile. Seine strapazierf\u00e4hige Qualit\u00e4t sorgt daf\u00fcr, dass er ein Grundnahrungsmittel in jeder Kollektion bleibt. Bestellen Sie Slouchy G Opticwhite jetzt. Wichtige Informationen: Wir bem\u00fchen uns, das Bild so genau wie m\u00f6glich darzustellen, jedoch sind Unterschiede in Farben&hellip; <\/p>\n","protected":false},"featured_media":1994,"comment_status":"closed","ping_status":"closed","template":"","meta":{"_acf_changed":false,"inline_featured_image":false},"product_cat":[150],"product_tag":[],"class_list":{"0":"post-2614","1":"product","2":"type-product","3":"status-publish","4":"has-post-thumbnail","6":"product_cat-tkaniny-jeans","9":"instock","10":"product-type-simple"},"translation":{"provider":"WPGlobus","version":"2.12.2","language":"de","enabled_languages":["pl","en","de"],"languages":{"pl":{"title":true,"content":true,"excerpt":false},"en":{"title":false,"content":true,"excerpt":false},"de":{"title":false,"content":true,"excerpt":false}}},"acf":[],"_links":{"self":[{"href":"https:\/\/kristinatex.com\/de\/wp-json\/wp\/v2\/product\/2614","targetHints":{"allow":["GET"]}}],"collection":[{"href":"https:\/\/kristinatex.com\/de\/wp-json\/wp\/v2\/product"}],"about":[{"href":"https:\/\/kristinatex.com\/de\/wp-json\/wp\/v2\/types\/product"}],"replies":[{"embeddable":true,"href":"https:\/\/kristinatex.com\/de\/wp-json\/wp\/v2\/comments?post=2614"}],"wp:featuredmedia":[{"embeddable":true,"href":"https:\/\/kristinatex.com\/de\/wp-json\/wp\/v2\/media\/1994"}],"wp:attachment":[{"href":"https:\/\/kristinatex.com\/de\/wp-json\/wp\/v2\/media?parent=2614"}],"wp:term":[{"taxonomy":"product_cat","embeddable":true,"href":"https:\/\/kristinatex.com\/de\/wp-json\/wp\/v2\/product_cat?post=2614"},{"taxonomy":"product_tag","embeddable":true,"href":"https:\/\/kristinatex.com\/de\/wp-json\/wp\/v2\/product_tag?post=2614"}],"curies":[{"name":"wp","href":"https:\/\/api.w.org\/{rel}","templated":true}]}}