{"id":2611,"date":"2024-02-20T09:11:15","date_gmt":"2024-02-20T08:11:15","guid":{"rendered":"https:\/\/kristinatex.com\/produkt\/rx-cotton\/"},"modified":"2024-08-08T11:09:11","modified_gmt":"2024-08-08T09:09:11","slug":"rx-cotton","status":"publish","type":"product","link":"https:\/\/kristinatex.com\/de\/produkt-de\/rx-cotton\/","title":{"rendered":"Rx\/Cotton"},"content":{"rendered":"<p>Erleben Sie die Spitzenqualit\u00e4t von RX Cotton, bekannt f\u00fcr ihre au\u00dfergew\u00f6hnliche Weichheit und Haltbarkeit. Erh\u00e4ltlich in einer Vielzahl von Farbt\u00f6nen, ist diese Premium-Baumwolle ideal f\u00fcr all Ihre Strickanforderungen und sorgt daf\u00fcr, dass jedes Projekt sowohl \u00e4sthetisch ansprechend als auch langlebig ist.<\/p>\n<p><strong>Wichtige Informationen:<\/strong> <em>Wir bem\u00fchen uns, das Bild so genau wie m\u00f6glich darzustellen, jedoch sind Unterschiede in Farben und Aussehen zul\u00e4ssig. Farben und Wei\u00dfabgleich h\u00e4ngen von den individuellen Einstellungen des Displays ab, auf dem die Seite angesehen wird.<\/em><\/p>\n","protected":false},"excerpt":{"rendered":"<p>Erleben Sie die Spitzenqualit\u00e4t von RX Cotton, bekannt f\u00fcr ihre au\u00dfergew\u00f6hnliche Weichheit und Haltbarkeit. Erh\u00e4ltlich in einer Vielzahl von Farbt\u00f6nen, ist diese Premium-Baumwolle ideal f\u00fcr all Ihre Strickanforderungen und sorgt daf\u00fcr, dass jedes Projekt sowohl \u00e4sthetisch ansprechend als auch langlebig ist. Wichtige Informationen: Wir bem\u00fchen uns, das Bild so genau wie m\u00f6glich darzustellen, jedoch sind&hellip; <\/p>\n","protected":false},"featured_media":1906,"comment_status":"closed","ping_status":"closed","template":"","meta":{"_acf_changed":false,"inline_featured_image":false},"product_cat":[151],"product_tag":[],"class_list":{"0":"post-2611","1":"product","2":"type-product","3":"status-publish","4":"has-post-thumbnail","6":"product_cat-przedza-dziewiarska","9":"instock","10":"product-type-simple"},"translation":{"provider":"WPGlobus","version":"2.12.2","language":"de","enabled_languages":["pl","en","de"],"languages":{"pl":{"title":true,"content":true,"excerpt":false},"en":{"title":false,"content":true,"excerpt":true},"de":{"title":false,"content":true,"excerpt":false}}},"acf":[],"_links":{"self":[{"href":"https:\/\/kristinatex.com\/de\/wp-json\/wp\/v2\/product\/2611","targetHints":{"allow":["GET"]}}],"collection":[{"href":"https:\/\/kristinatex.com\/de\/wp-json\/wp\/v2\/product"}],"about":[{"href":"https:\/\/kristinatex.com\/de\/wp-json\/wp\/v2\/types\/product"}],"replies":[{"embeddable":true,"href":"https:\/\/kristinatex.com\/de\/wp-json\/wp\/v2\/comments?post=2611"}],"wp:featuredmedia":[{"embeddable":true,"href":"https:\/\/kristinatex.com\/de\/wp-json\/wp\/v2\/media\/1906"}],"wp:attachment":[{"href":"https:\/\/kristinatex.com\/de\/wp-json\/wp\/v2\/media?parent=2611"}],"wp:term":[{"taxonomy":"product_cat","embeddable":true,"href":"https:\/\/kristinatex.com\/de\/wp-json\/wp\/v2\/product_cat?post=2611"},{"taxonomy":"product_tag","embeddable":true,"href":"https:\/\/kristinatex.com\/de\/wp-json\/wp\/v2\/product_tag?post=2611"}],"curies":[{"name":"wp","href":"https:\/\/api.w.org\/{rel}","templated":true}]}}