{"id":2610,"date":"2024-02-20T09:11:15","date_gmt":"2024-02-20T08:11:15","guid":{"rendered":"https:\/\/kristinatex.com\/produkt\/runner-m-oc-blue75\/"},"modified":"2024-08-08T11:09:04","modified_gmt":"2024-08-08T09:09:04","slug":"runner-m-oc-blue75","status":"publish","type":"product","link":"https:\/\/kristinatex.com\/de\/produkt-de\/runner-m-oc-blue75\/","title":{"rendered":"RUNNER\/M OC. BLUE7,5"},"content":{"rendered":"<p>Der Runner\/M OC. Blue7,5 Denimstoff bringt einen auff\u00e4lligen dunkelblauen Farbton in Ihre Designs. Seine robuste Konstruktion und die lebendige Farbe machen ihn zur besten Wahl f\u00fcr modische, langlebige Kleidung. Bestellen Sie Runner\/M OC. Blue7,5 noch heute.<\/p>\n<p><strong>Wichtige Informationen:<\/strong> <em>Wir bem\u00fchen uns, das Bild so genau wie m\u00f6glich darzustellen, jedoch sind Unterschiede in Farben und Aussehen zul\u00e4ssig. Farben und Wei\u00dfabgleich h\u00e4ngen von den individuellen Einstellungen des Displays ab, auf dem die Seite angesehen wird.<\/em><\/p>\n","protected":false},"excerpt":{"rendered":"<p>Der Runner\/M OC. Blue7,5 Denimstoff bringt einen auff\u00e4lligen dunkelblauen Farbton in Ihre Designs. Seine robuste Konstruktion und die lebendige Farbe machen ihn zur besten Wahl f\u00fcr modische, langlebige Kleidung. Bestellen Sie Runner\/M OC. Blue7,5 noch heute. Wichtige Informationen: Wir bem\u00fchen uns, das Bild so genau wie m\u00f6glich darzustellen, jedoch sind Unterschiede in Farben und Aussehen&hellip; <\/p>\n","protected":false},"featured_media":2006,"comment_status":"closed","ping_status":"closed","template":"","meta":{"_acf_changed":false,"inline_featured_image":false},"product_cat":[150],"product_tag":[],"class_list":{"0":"post-2610","1":"product","2":"type-product","3":"status-publish","4":"has-post-thumbnail","6":"product_cat-tkaniny-jeans","9":"instock","10":"product-type-simple"},"translation":{"provider":"WPGlobus","version":"2.12.2","language":"de","enabled_languages":["pl","en","de"],"languages":{"pl":{"title":true,"content":true,"excerpt":false},"en":{"title":false,"content":true,"excerpt":false},"de":{"title":false,"content":true,"excerpt":false}}},"acf":[],"_links":{"self":[{"href":"https:\/\/kristinatex.com\/de\/wp-json\/wp\/v2\/product\/2610","targetHints":{"allow":["GET"]}}],"collection":[{"href":"https:\/\/kristinatex.com\/de\/wp-json\/wp\/v2\/product"}],"about":[{"href":"https:\/\/kristinatex.com\/de\/wp-json\/wp\/v2\/types\/product"}],"replies":[{"embeddable":true,"href":"https:\/\/kristinatex.com\/de\/wp-json\/wp\/v2\/comments?post=2610"}],"wp:featuredmedia":[{"embeddable":true,"href":"https:\/\/kristinatex.com\/de\/wp-json\/wp\/v2\/media\/2006"}],"wp:attachment":[{"href":"https:\/\/kristinatex.com\/de\/wp-json\/wp\/v2\/media?parent=2610"}],"wp:term":[{"taxonomy":"product_cat","embeddable":true,"href":"https:\/\/kristinatex.com\/de\/wp-json\/wp\/v2\/product_cat?post=2610"},{"taxonomy":"product_tag","embeddable":true,"href":"https:\/\/kristinatex.com\/de\/wp-json\/wp\/v2\/product_tag?post=2610"}],"curies":[{"name":"wp","href":"https:\/\/api.w.org\/{rel}","templated":true}]}}