{"id":2609,"date":"2024-02-20T09:11:15","date_gmt":"2024-02-20T08:11:15","guid":{"rendered":"https:\/\/kristinatex.com\/produkt\/runner-black-black\/"},"modified":"2024-08-08T11:08:56","modified_gmt":"2024-08-08T09:08:56","slug":"runner-black-black","status":"publish","type":"product","link":"https:\/\/kristinatex.com\/de\/produkt-de\/runner-black-black\/","title":{"rendered":"RUNNER BLACK BLACK"},"content":{"rendered":"<p>Der Runner Black Black Denimstoff bietet einen reichen, tiefschwarzen Ton, ideal f\u00fcr schicke und vielseitige Kleidungsst\u00fccke. Sein hochwertiges Material sorgt f\u00fcr langanhaltenden Tragekomfort. W\u00e4hlen Sie Runner Black Black f\u00fcr klassische Eleganz.<\/p>\n<p><strong>Wichtige Informationen:<\/strong> <em>Wir bem\u00fchen uns, das Bild so genau wie m\u00f6glich darzustellen, jedoch sind Unterschiede in Farben und Aussehen zul\u00e4ssig. Farben und Wei\u00dfabgleich h\u00e4ngen von den individuellen Einstellungen des Displays ab, auf dem die Seite angesehen wird.<\/em><\/p>\n","protected":false},"excerpt":{"rendered":"<p>Der Runner Black Black Denimstoff bietet einen reichen, tiefschwarzen Ton, ideal f\u00fcr schicke und vielseitige Kleidungsst\u00fccke. Sein hochwertiges Material sorgt f\u00fcr langanhaltenden Tragekomfort. W\u00e4hlen Sie Runner Black Black f\u00fcr klassische Eleganz. Wichtige Informationen: Wir bem\u00fchen uns, das Bild so genau wie m\u00f6glich darzustellen, jedoch sind Unterschiede in Farben und Aussehen zul\u00e4ssig. Farben und Wei\u00dfabgleich h\u00e4ngen&hellip; <\/p>\n","protected":false},"featured_media":2008,"comment_status":"closed","ping_status":"closed","template":"","meta":{"_acf_changed":false,"inline_featured_image":false},"product_cat":[150],"product_tag":[],"class_list":{"0":"post-2609","1":"product","2":"type-product","3":"status-publish","4":"has-post-thumbnail","6":"product_cat-tkaniny-jeans","9":"instock","10":"product-type-simple"},"translation":{"provider":"WPGlobus","version":"2.12.2","language":"de","enabled_languages":["pl","en","de"],"languages":{"pl":{"title":true,"content":true,"excerpt":false},"en":{"title":false,"content":true,"excerpt":false},"de":{"title":false,"content":true,"excerpt":false}}},"acf":[],"_links":{"self":[{"href":"https:\/\/kristinatex.com\/de\/wp-json\/wp\/v2\/product\/2609","targetHints":{"allow":["GET"]}}],"collection":[{"href":"https:\/\/kristinatex.com\/de\/wp-json\/wp\/v2\/product"}],"about":[{"href":"https:\/\/kristinatex.com\/de\/wp-json\/wp\/v2\/types\/product"}],"replies":[{"embeddable":true,"href":"https:\/\/kristinatex.com\/de\/wp-json\/wp\/v2\/comments?post=2609"}],"wp:featuredmedia":[{"embeddable":true,"href":"https:\/\/kristinatex.com\/de\/wp-json\/wp\/v2\/media\/2008"}],"wp:attachment":[{"href":"https:\/\/kristinatex.com\/de\/wp-json\/wp\/v2\/media?parent=2609"}],"wp:term":[{"taxonomy":"product_cat","embeddable":true,"href":"https:\/\/kristinatex.com\/de\/wp-json\/wp\/v2\/product_cat?post=2609"},{"taxonomy":"product_tag","embeddable":true,"href":"https:\/\/kristinatex.com\/de\/wp-json\/wp\/v2\/product_tag?post=2609"}],"curies":[{"name":"wp","href":"https:\/\/api.w.org\/{rel}","templated":true}]}}