{"id":2600,"date":"2024-02-20T09:11:15","date_gmt":"2024-02-20T08:11:15","guid":{"rendered":"https:\/\/kristinatex.com\/produkt\/moscow\/"},"modified":"2024-08-23T09:36:32","modified_gmt":"2024-08-23T07:36:32","slug":"moscow","status":"publish","type":"product","link":"https:\/\/kristinatex.com\/de\/produkt-de\/moscow\/","title":{"rendered":"WARSAW"},"content":{"rendered":"<p>W\u00e4hlen Sie die zeitlose Eleganz und robuste Qualit\u00e4t des Warsaw-Stoffes f\u00fcr Ihre Polsterbed\u00fcrfnisse. Sein klassisches Design und seine Haltbarkeit sorgen daf\u00fcr, dass Ihre M\u00f6bel jahrelang sch\u00f6n aussehen werden. Bestellen Sie Warsaw noch heute.<\/p>\n<p><strong>Hinweis:<\/strong> <em>Farben k\u00f6nnen aufgrund von Displayunterschieden leicht variieren.<\/em><\/p>\n","protected":false},"excerpt":{"rendered":"<p><strong>Tkaniny meblowe:<\/strong> welur, imitacja sk\u00f3ry<\/p>\n","protected":false},"featured_media":3144,"comment_status":"closed","ping_status":"closed","template":"","meta":{"_acf_changed":false,"inline_featured_image":false},"product_cat":[136,137,157],"product_tag":[],"class_list":{"0":"post-2600","1":"product","2":"type-product","3":"status-publish","4":"has-post-thumbnail","6":"product_cat-tkaniny-obiciowe","7":"product_cat-imitacja-skory","8":"product_cat-welur","11":"instock","12":"product-type-simple"},"translation":{"provider":"WPGlobus","version":"2.12.2","language":"de","enabled_languages":["pl","en","de"],"languages":{"pl":{"title":true,"content":true,"excerpt":true},"en":{"title":false,"content":true,"excerpt":false},"de":{"title":false,"content":true,"excerpt":false}}},"acf":[],"_links":{"self":[{"href":"https:\/\/kristinatex.com\/de\/wp-json\/wp\/v2\/product\/2600","targetHints":{"allow":["GET"]}}],"collection":[{"href":"https:\/\/kristinatex.com\/de\/wp-json\/wp\/v2\/product"}],"about":[{"href":"https:\/\/kristinatex.com\/de\/wp-json\/wp\/v2\/types\/product"}],"replies":[{"embeddable":true,"href":"https:\/\/kristinatex.com\/de\/wp-json\/wp\/v2\/comments?post=2600"}],"wp:featuredmedia":[{"embeddable":true,"href":"https:\/\/kristinatex.com\/de\/wp-json\/wp\/v2\/media\/3144"}],"wp:attachment":[{"href":"https:\/\/kristinatex.com\/de\/wp-json\/wp\/v2\/media?parent=2600"}],"wp:term":[{"taxonomy":"product_cat","embeddable":true,"href":"https:\/\/kristinatex.com\/de\/wp-json\/wp\/v2\/product_cat?post=2600"},{"taxonomy":"product_tag","embeddable":true,"href":"https:\/\/kristinatex.com\/de\/wp-json\/wp\/v2\/product_tag?post=2600"}],"curies":[{"name":"wp","href":"https:\/\/api.w.org\/{rel}","templated":true}]}}