{"id":2585,"date":"2024-02-20T09:11:12","date_gmt":"2024-02-20T08:11:12","guid":{"rendered":"https:\/\/kristinatex.com\/produkt\/jumps-oc-blue75-2\/"},"modified":"2024-08-08T11:12:59","modified_gmt":"2024-08-08T09:12:59","slug":"jumps-oc-blue75","status":"publish","type":"product","link":"https:\/\/kristinatex.com\/de\/produkt-de\/jumps-oc-blue75\/","title":{"rendered":"JUMPS OC. BLUE7,5"},"content":{"rendered":"<p>Der Jumps OC. Blue7,5 Denimstoff bietet einen kr\u00e4ftigen dunkelblauen Farbton, der ideal f\u00fcr trendige und strapazierf\u00e4hige Kleidung ist. Seine Premium-Qualit\u00e4t sorgt f\u00fcr langanhaltenden Tragekomfort und Stil. Bestellen Sie Jumps OC. Blue7,5 noch heute.<\/p>\n<p><strong>Wichtige Informationen:<\/strong> <em>Wir bem\u00fchen uns, das Bild so genau wie m\u00f6glich darzustellen, jedoch sind Unterschiede in Farben und Aussehen zul\u00e4ssig. Farben und Wei\u00dfabgleich h\u00e4ngen von den individuellen Einstellungen des Displays ab, auf dem die Seite angesehen wird.<\/em><\/p>\n","protected":false},"excerpt":{"rendered":"<p>Der Jumps OC. Blue7,5 Denimstoff bietet einen kr\u00e4ftigen dunkelblauen Farbton, der ideal f\u00fcr trendige und strapazierf\u00e4hige Kleidung ist. Seine Premium-Qualit\u00e4t sorgt f\u00fcr langanhaltenden Tragekomfort und Stil. Bestellen Sie Jumps OC. Blue7,5 noch heute. Wichtige Informationen: Wir bem\u00fchen uns, das Bild so genau wie m\u00f6glich darzustellen, jedoch sind Unterschiede in Farben und Aussehen zul\u00e4ssig. Farben und&hellip; <\/p>\n","protected":false},"featured_media":2012,"comment_status":"closed","ping_status":"closed","template":"","meta":{"_acf_changed":false,"inline_featured_image":false},"product_cat":[150],"product_tag":[],"class_list":{"0":"post-2585","1":"product","2":"type-product","3":"status-publish","4":"has-post-thumbnail","6":"product_cat-tkaniny-jeans","9":"instock","10":"product-type-simple"},"translation":{"provider":"WPGlobus","version":"2.12.2","language":"de","enabled_languages":["pl","en","de"],"languages":{"pl":{"title":true,"content":true,"excerpt":false},"en":{"title":false,"content":true,"excerpt":false},"de":{"title":false,"content":true,"excerpt":false}}},"acf":[],"_links":{"self":[{"href":"https:\/\/kristinatex.com\/de\/wp-json\/wp\/v2\/product\/2585","targetHints":{"allow":["GET"]}}],"collection":[{"href":"https:\/\/kristinatex.com\/de\/wp-json\/wp\/v2\/product"}],"about":[{"href":"https:\/\/kristinatex.com\/de\/wp-json\/wp\/v2\/types\/product"}],"replies":[{"embeddable":true,"href":"https:\/\/kristinatex.com\/de\/wp-json\/wp\/v2\/comments?post=2585"}],"wp:featuredmedia":[{"embeddable":true,"href":"https:\/\/kristinatex.com\/de\/wp-json\/wp\/v2\/media\/2012"}],"wp:attachment":[{"href":"https:\/\/kristinatex.com\/de\/wp-json\/wp\/v2\/media?parent=2585"}],"wp:term":[{"taxonomy":"product_cat","embeddable":true,"href":"https:\/\/kristinatex.com\/de\/wp-json\/wp\/v2\/product_cat?post=2585"},{"taxonomy":"product_tag","embeddable":true,"href":"https:\/\/kristinatex.com\/de\/wp-json\/wp\/v2\/product_tag?post=2585"}],"curies":[{"name":"wp","href":"https:\/\/api.w.org\/{rel}","templated":true}]}}