{"id":2385,"date":"2024-02-20T08:21:59","date_gmt":"2024-02-20T07:21:59","guid":{"rendered":"https:\/\/kristinatex.com\/produkt\/akryl\/"},"modified":"2024-08-08T11:42:34","modified_gmt":"2024-08-08T09:42:34","slug":"akryl","status":"publish","type":"product","link":"https:\/\/kristinatex.com\/de\/produkt-de\/akryl\/","title":{"rendered":"AKRYL"},"content":{"rendered":"<p>Unsere Acrylgarne sind in sch\u00f6nen Farbt\u00f6nen erh\u00e4ltlich und perfekt f\u00fcr langlebige Projekte. Mit au\u00dfergew\u00f6hnlicher Haltbarkeit und Weichheit garantieren diese Garne, dass Ihre Kreationen sowohl atemberaubend als auch langlebig sind.<br \/>\nErh\u00f6hen Sie Ihre Strickprojekte mit den au\u00dfergew\u00f6hnlichen Garnen von Kristina Tex, wo Qualit\u00e4t und Kreativit\u00e4t sich verbinden, um Ihre Visionen zum Leben zu erwecken.<\/p>\n<p><strong>Wa\u017cne Informacje:<\/strong> <em>Dok\u0142adamy wszelkich stara\u0144, aby obraz jak najlepiej przedstawia\u0142 zawarto\u015b\u0107 fotografii, jednak r\u00f3\u017cnice w kolorach i wygl\u0105dzie s\u0105 dopuszczalne. Barwy i balans bieli zale\u017c\u0105 od indywidualnych ustawie\u0144 wy\u015bwietlacza, na kt\u00f3rym ogl\u0105dana jest strona. <\/em><\/p>\n","protected":false},"excerpt":{"rendered":"<p>Unsere Acrylgarne sind in sch\u00f6nen Farbt\u00f6nen erh\u00e4ltlich und perfekt f\u00fcr langlebige Projekte. Mit au\u00dfergew\u00f6hnlicher Haltbarkeit und Weichheit garantieren diese Garne, dass Ihre Kreationen sowohl atemberaubend als auch langlebig sind. Erh\u00f6hen Sie Ihre Strickprojekte mit den au\u00dfergew\u00f6hnlichen Garnen von Kristina Tex, wo Qualit\u00e4t und Kreativit\u00e4t sich verbinden, um Ihre Visionen zum Leben zu erwecken. Wa\u017cne Informacje:&hellip; <\/p>\n","protected":false},"featured_media":1921,"comment_status":"closed","ping_status":"closed","template":"","meta":{"_acf_changed":false,"inline_featured_image":false},"product_cat":[151],"product_tag":[],"class_list":{"0":"post-2385","1":"product","2":"type-product","3":"status-publish","4":"has-post-thumbnail","6":"product_cat-przedza-dziewiarska","9":"instock","10":"product-type-simple"},"translation":{"provider":"WPGlobus","version":"2.12.2","language":"de","enabled_languages":["pl","en","de"],"languages":{"pl":{"title":true,"content":true,"excerpt":false},"en":{"title":false,"content":true,"excerpt":false},"de":{"title":false,"content":true,"excerpt":false}}},"acf":[],"_links":{"self":[{"href":"https:\/\/kristinatex.com\/de\/wp-json\/wp\/v2\/product\/2385","targetHints":{"allow":["GET"]}}],"collection":[{"href":"https:\/\/kristinatex.com\/de\/wp-json\/wp\/v2\/product"}],"about":[{"href":"https:\/\/kristinatex.com\/de\/wp-json\/wp\/v2\/types\/product"}],"replies":[{"embeddable":true,"href":"https:\/\/kristinatex.com\/de\/wp-json\/wp\/v2\/comments?post=2385"}],"wp:featuredmedia":[{"embeddable":true,"href":"https:\/\/kristinatex.com\/de\/wp-json\/wp\/v2\/media\/1921"}],"wp:attachment":[{"href":"https:\/\/kristinatex.com\/de\/wp-json\/wp\/v2\/media?parent=2385"}],"wp:term":[{"taxonomy":"product_cat","embeddable":true,"href":"https:\/\/kristinatex.com\/de\/wp-json\/wp\/v2\/product_cat?post=2385"},{"taxonomy":"product_tag","embeddable":true,"href":"https:\/\/kristinatex.com\/de\/wp-json\/wp\/v2\/product_tag?post=2385"}],"curies":[{"name":"wp","href":"https:\/\/api.w.org\/{rel}","templated":true}]}}