{"id":2369,"date":"2024-02-20T08:21:56","date_gmt":"2024-02-20T07:21:56","guid":{"rendered":"https:\/\/kristinatex.com\/produkt\/jaguar-m-black\/"},"modified":"2024-08-08T11:43:08","modified_gmt":"2024-08-08T09:43:08","slug":"jaguar-m-black","status":"publish","type":"product","link":"https:\/\/kristinatex.com\/de\/produkt-de\/jaguar-m-black\/","title":{"rendered":"JAGUAR\/M BLACK"},"content":{"rendered":"<p>Der Jaguar\/M Black Denimstoff bietet eine zeitlose schwarze Farbe, die perfekt f\u00fcr jedes Modeartikel ist. Seine Haltbarkeit und glatte Textur machen ihn zu einer vielseitigen Wahl. W\u00e4hlen Sie Jaguar\/M Black f\u00fcr klassische Eleganz.<\/p>\n<p><strong>Wa\u017cne Informacje:<\/strong> <em>Dok\u0142adamy wszelkich stara\u0144, aby obraz jak najlepiej przedstawia\u0142 zawarto\u015b\u0107 fotografii, jednak r\u00f3\u017cnice w kolorach i wygl\u0105dzie s\u0105 dopuszczalne. Barwy i balans bieli zale\u017c\u0105 od indywidualnych ustawie\u0144 wy\u015bwietlacza, na kt\u00f3rym ogl\u0105dana jest strona. <\/em><\/p>\n","protected":false},"excerpt":{"rendered":"<p>Der Jaguar\/M Black Denimstoff bietet eine zeitlose schwarze Farbe, die perfekt f\u00fcr jedes Modeartikel ist. Seine Haltbarkeit und glatte Textur machen ihn zu einer vielseitigen Wahl. W\u00e4hlen Sie Jaguar\/M Black f\u00fcr klassische Eleganz. Wa\u017cne Informacje: Dok\u0142adamy wszelkich stara\u0144, aby obraz jak najlepiej przedstawia\u0142 zawarto\u015b\u0107 fotografii, jednak r\u00f3\u017cnice w kolorach i wygl\u0105dzie s\u0105 dopuszczalne. Barwy i&hellip; <\/p>\n","protected":false},"featured_media":1964,"comment_status":"closed","ping_status":"closed","template":"","meta":{"_acf_changed":false,"inline_featured_image":false},"product_cat":[150],"product_tag":[],"class_list":{"0":"post-2369","1":"product","2":"type-product","3":"status-publish","4":"has-post-thumbnail","6":"product_cat-tkaniny-jeans","9":"instock","10":"product-type-simple"},"translation":{"provider":"WPGlobus","version":"2.12.2","language":"de","enabled_languages":["pl","en","de"],"languages":{"pl":{"title":true,"content":true,"excerpt":false},"en":{"title":false,"content":true,"excerpt":false},"de":{"title":false,"content":true,"excerpt":false}}},"acf":[],"_links":{"self":[{"href":"https:\/\/kristinatex.com\/de\/wp-json\/wp\/v2\/product\/2369","targetHints":{"allow":["GET"]}}],"collection":[{"href":"https:\/\/kristinatex.com\/de\/wp-json\/wp\/v2\/product"}],"about":[{"href":"https:\/\/kristinatex.com\/de\/wp-json\/wp\/v2\/types\/product"}],"replies":[{"embeddable":true,"href":"https:\/\/kristinatex.com\/de\/wp-json\/wp\/v2\/comments?post=2369"}],"wp:featuredmedia":[{"embeddable":true,"href":"https:\/\/kristinatex.com\/de\/wp-json\/wp\/v2\/media\/1964"}],"wp:attachment":[{"href":"https:\/\/kristinatex.com\/de\/wp-json\/wp\/v2\/media?parent=2369"}],"wp:term":[{"taxonomy":"product_cat","embeddable":true,"href":"https:\/\/kristinatex.com\/de\/wp-json\/wp\/v2\/product_cat?post=2369"},{"taxonomy":"product_tag","embeddable":true,"href":"https:\/\/kristinatex.com\/de\/wp-json\/wp\/v2\/product_tag?post=2369"}],"curies":[{"name":"wp","href":"https:\/\/api.w.org\/{rel}","templated":true}]}}