{"id":2335,"date":"2024-02-20T08:21:21","date_gmt":"2024-02-20T07:21:21","guid":{"rendered":"https:\/\/kristinatex.com\/produkt\/cory-w-opticwhite\/"},"modified":"2024-07-12T10:28:55","modified_gmt":"2024-07-12T08:28:55","slug":"cory-w-opticwhite","status":"publish","type":"product","link":"https:\/\/kristinatex.com\/de\/produkt-de\/cory-w-opticwhite\/","title":{"rendered":"CORY\/W OPTICWHITE"},"content":{"rendered":"<p>Der Cory\/W Opticwhite Denimstoff bietet einen sauberen, frischen Look mit seinem hellwei\u00dfen Farbton. Ideal f\u00fcr frische, moderne Stile. Seine strapazierf\u00e4hige Qualit\u00e4t sorgt daf\u00fcr, dass er ein Grundnahrungsmittel in jeder Kollektion bleibt. Bestellen Sie Cory\/W Opticwhite jetzt.<\/p>\n<p><strong>Hinweis:<\/strong> <em>Farben k\u00f6nnen aufgrund von Displayunterschieden leicht variieren<\/em><\/p>\n","protected":false},"excerpt":{"rendered":"<p>Der Cory\/W Opticwhite Denimstoff bietet einen sauberen, frischen Look mit seinem hellwei\u00dfen Farbton. Ideal f\u00fcr frische, moderne Stile. Seine strapazierf\u00e4hige Qualit\u00e4t sorgt daf\u00fcr, dass er ein Grundnahrungsmittel in jeder Kollektion bleibt. Bestellen Sie Cory\/W Opticwhite jetzt. Hinweis: Farben k\u00f6nnen aufgrund von Displayunterschieden leicht variieren<\/p>\n","protected":false},"featured_media":2966,"comment_status":"closed","ping_status":"closed","template":"","meta":{"_acf_changed":false,"inline_featured_image":false},"product_cat":[146],"product_tag":[],"class_list":{"0":"post-2335","1":"product","2":"type-product","3":"status-publish","4":"has-post-thumbnail","6":"product_cat-cotton-fabrics","9":"instock","10":"product-type-simple"},"translation":{"provider":"WPGlobus","version":"2.12.2","language":"de","enabled_languages":["pl","en","de"],"languages":{"pl":{"title":true,"content":true,"excerpt":false},"en":{"title":false,"content":true,"excerpt":false},"de":{"title":false,"content":true,"excerpt":false}}},"acf":[],"_links":{"self":[{"href":"https:\/\/kristinatex.com\/de\/wp-json\/wp\/v2\/product\/2335","targetHints":{"allow":["GET"]}}],"collection":[{"href":"https:\/\/kristinatex.com\/de\/wp-json\/wp\/v2\/product"}],"about":[{"href":"https:\/\/kristinatex.com\/de\/wp-json\/wp\/v2\/types\/product"}],"replies":[{"embeddable":true,"href":"https:\/\/kristinatex.com\/de\/wp-json\/wp\/v2\/comments?post=2335"}],"wp:featuredmedia":[{"embeddable":true,"href":"https:\/\/kristinatex.com\/de\/wp-json\/wp\/v2\/media\/2966"}],"wp:attachment":[{"href":"https:\/\/kristinatex.com\/de\/wp-json\/wp\/v2\/media?parent=2335"}],"wp:term":[{"taxonomy":"product_cat","embeddable":true,"href":"https:\/\/kristinatex.com\/de\/wp-json\/wp\/v2\/product_cat?post=2335"},{"taxonomy":"product_tag","embeddable":true,"href":"https:\/\/kristinatex.com\/de\/wp-json\/wp\/v2\/product_tag?post=2335"}],"curies":[{"name":"wp","href":"https:\/\/api.w.org\/{rel}","templated":true}]}}