{"id":2330,"date":"2024-02-20T08:21:21","date_gmt":"2024-02-20T07:21:21","guid":{"rendered":"https:\/\/kristinatex.com\/produkt\/krs2017-navy\/"},"modified":"2024-07-12T10:18:43","modified_gmt":"2024-07-12T08:18:43","slug":"krs2017-navy","status":"publish","type":"product","link":"https:\/\/kristinatex.com\/de\/produkt-de\/krs2017-navy\/","title":{"rendered":"KRS2017 NAVY"},"content":{"rendered":"<p>Der KRS2017 Navy Denimstoff ist eine klassische Wahl mit einem reichen Navy-Ton, perfekt f\u00fcr elegante und legere Kleidung. Seine Premium-Qualit\u00e4t sorgt f\u00fcr Komfort und Langlebigkeit. W\u00e4hlen Sie KRS2017 Navy f\u00fcr zeitlose Mode.<\/p>\n<p><strong>Hinweis:<\/strong> <em>Farben k\u00f6nnen aufgrund von Displayunterschieden leicht variieren.<\/em><\/p>\n","protected":false},"excerpt":{"rendered":"<p>Der KRS2017 Navy Denimstoff ist eine klassische Wahl mit einem reichen Navy-Ton, perfekt f\u00fcr elegante und legere Kleidung. Seine Premium-Qualit\u00e4t sorgt f\u00fcr Komfort und Langlebigkeit. W\u00e4hlen Sie KRS2017 Navy f\u00fcr zeitlose Mode. Hinweis: Farben k\u00f6nnen aufgrund von Displayunterschieden leicht variieren.<\/p>\n","protected":false},"featured_media":3073,"comment_status":"closed","ping_status":"closed","template":"","meta":{"_acf_changed":false,"inline_featured_image":false},"product_cat":[146],"product_tag":[],"class_list":{"0":"post-2330","1":"product","2":"type-product","3":"status-publish","4":"has-post-thumbnail","6":"product_cat-cotton-fabrics","9":"instock","10":"product-type-simple"},"translation":{"provider":"WPGlobus","version":"2.12.2","language":"de","enabled_languages":["pl","en","de"],"languages":{"pl":{"title":true,"content":true,"excerpt":false},"en":{"title":false,"content":true,"excerpt":false},"de":{"title":false,"content":true,"excerpt":false}}},"acf":[],"_links":{"self":[{"href":"https:\/\/kristinatex.com\/de\/wp-json\/wp\/v2\/product\/2330","targetHints":{"allow":["GET"]}}],"collection":[{"href":"https:\/\/kristinatex.com\/de\/wp-json\/wp\/v2\/product"}],"about":[{"href":"https:\/\/kristinatex.com\/de\/wp-json\/wp\/v2\/types\/product"}],"replies":[{"embeddable":true,"href":"https:\/\/kristinatex.com\/de\/wp-json\/wp\/v2\/comments?post=2330"}],"wp:featuredmedia":[{"embeddable":true,"href":"https:\/\/kristinatex.com\/de\/wp-json\/wp\/v2\/media\/3073"}],"wp:attachment":[{"href":"https:\/\/kristinatex.com\/de\/wp-json\/wp\/v2\/media?parent=2330"}],"wp:term":[{"taxonomy":"product_cat","embeddable":true,"href":"https:\/\/kristinatex.com\/de\/wp-json\/wp\/v2\/product_cat?post=2330"},{"taxonomy":"product_tag","embeddable":true,"href":"https:\/\/kristinatex.com\/de\/wp-json\/wp\/v2\/product_tag?post=2330"}],"curies":[{"name":"wp","href":"https:\/\/api.w.org\/{rel}","templated":true}]}}