{"id":2302,"date":"2024-02-20T08:21:10","date_gmt":"2024-02-20T07:21:10","guid":{"rendered":"https:\/\/kristinatex.com\/produkt\/amore\/"},"modified":"2024-08-23T10:26:56","modified_gmt":"2024-08-23T08:26:56","slug":"amore","status":"publish","type":"product","link":"https:\/\/kristinatex.com\/de\/produkt-de\/amore\/","title":{"rendered":"AMORE"},"content":{"rendered":"<p>Der Amore-Stoff vereint Eleganz und Komfort mit seiner glatten Textur und zeitgen\u00f6ssischen Farben. Perfekt f\u00fcr moderne Innenr\u00e4ume, verleiht er jedem M\u00f6belst\u00fcck Stil und Weichheit. W\u00e4hlen Sie Amore f\u00fcr ein elegantes Upgrade.<\/p>\n<p><strong>Wichtige Informationen:<\/strong> <em>Wir bem\u00fchen uns, das Bild so genau wie m\u00f6glich darzustellen, jedoch sind Unterschiede in Farben und Aussehen zul\u00e4ssig. Farben und Wei\u00dfabgleich h\u00e4ngen von den individuellen Einstellungen des Displays ab, auf dem die Seite angesehen wird.<\/em><\/p>\n","protected":false},"excerpt":{"rendered":"<p><strong>Tkaniny meblowe:<\/strong> welur, strukturalny, hydrofarbowane<\/p>\n","protected":false},"featured_media":2866,"comment_status":"closed","ping_status":"closed","template":"","meta":{"_acf_changed":false,"inline_featured_image":false},"product_cat":[136,155,156,157],"product_tag":[],"class_list":{"0":"post-2302","1":"product","2":"type-product","3":"status-publish","4":"has-post-thumbnail","6":"product_cat-tkaniny-obiciowe","7":"product_cat-hydrofobowe","8":"product_cat-tkaniny-strukturalne","9":"product_cat-welur","12":"instock","13":"product-type-simple"},"translation":{"provider":"WPGlobus","version":"2.12.2","language":"de","enabled_languages":["pl","en","de"],"languages":{"pl":{"title":true,"content":true,"excerpt":true},"en":{"title":false,"content":true,"excerpt":false},"de":{"title":false,"content":true,"excerpt":false}}},"acf":[],"_links":{"self":[{"href":"https:\/\/kristinatex.com\/de\/wp-json\/wp\/v2\/product\/2302","targetHints":{"allow":["GET"]}}],"collection":[{"href":"https:\/\/kristinatex.com\/de\/wp-json\/wp\/v2\/product"}],"about":[{"href":"https:\/\/kristinatex.com\/de\/wp-json\/wp\/v2\/types\/product"}],"replies":[{"embeddable":true,"href":"https:\/\/kristinatex.com\/de\/wp-json\/wp\/v2\/comments?post=2302"}],"wp:featuredmedia":[{"embeddable":true,"href":"https:\/\/kristinatex.com\/de\/wp-json\/wp\/v2\/media\/2866"}],"wp:attachment":[{"href":"https:\/\/kristinatex.com\/de\/wp-json\/wp\/v2\/media?parent=2302"}],"wp:term":[{"taxonomy":"product_cat","embeddable":true,"href":"https:\/\/kristinatex.com\/de\/wp-json\/wp\/v2\/product_cat?post=2302"},{"taxonomy":"product_tag","embeddable":true,"href":"https:\/\/kristinatex.com\/de\/wp-json\/wp\/v2\/product_tag?post=2302"}],"curies":[{"name":"wp","href":"https:\/\/api.w.org\/{rel}","templated":true}]}}