{"id":2300,"date":"2024-02-20T08:21:59","date_gmt":"2024-02-20T07:21:59","guid":{"rendered":"https:\/\/kristinatex.com\/produkt\/jungle\/"},"modified":"2024-08-23T10:00:10","modified_gmt":"2024-08-23T08:00:10","slug":"jungle","status":"publish","type":"product","link":"https:\/\/kristinatex.com\/de\/produkt-de\/jungle\/","title":{"rendered":"JUNGLE"},"content":{"rendered":"<p>Der Jungle-Stoff zeichnet sich durch seine einzigartige, strukturierte Oberfl\u00e4che aus, die an nat\u00fcrliche Elemente erinnert. Perfekt, um ein mutiges Statement zu setzen, ist er ideal f\u00fcr eklektische und moderne Innenr\u00e4ume. Bestellen Sie Jungle f\u00fcr einen unverwechselbaren Look.<\/p>\n<p><strong>Wa\u017cne Informacje:<\/strong> <em>Dok\u0142adamy wszelkich stara\u0144, aby obraz jak najlepiej przedstawia\u0142 zawarto\u015b\u0107 fotografii, jednak r\u00f3\u017cnice w kolorach i wygl\u0105dzie s\u0105 dopuszczalne. Barwy i balans bieli zale\u017c\u0105 od indywidualnych ustawie\u0144 wy\u015bwietlacza, na kt\u00f3rym ogl\u0105dana jest strona. <\/em><\/p>\n","protected":false},"excerpt":{"rendered":"<p><strong>Tkaniny meblowe:<\/strong> welur, strukturalny, imitacja sk\u00f3ry<\/p>\n","protected":false},"featured_media":2994,"comment_status":"closed","ping_status":"closed","template":"","meta":{"_acf_changed":false,"inline_featured_image":false},"product_cat":[136,137,156,157],"product_tag":[],"class_list":{"0":"post-2300","1":"product","2":"type-product","3":"status-publish","4":"has-post-thumbnail","6":"product_cat-tkaniny-obiciowe","7":"product_cat-imitacja-skory","8":"product_cat-tkaniny-strukturalne","9":"product_cat-welur","12":"instock","13":"product-type-simple"},"translation":{"provider":"WPGlobus","version":"2.12.2","language":"de","enabled_languages":["pl","en","de"],"languages":{"pl":{"title":true,"content":true,"excerpt":true},"en":{"title":false,"content":true,"excerpt":false},"de":{"title":false,"content":true,"excerpt":false}}},"acf":[],"_links":{"self":[{"href":"https:\/\/kristinatex.com\/de\/wp-json\/wp\/v2\/product\/2300","targetHints":{"allow":["GET"]}}],"collection":[{"href":"https:\/\/kristinatex.com\/de\/wp-json\/wp\/v2\/product"}],"about":[{"href":"https:\/\/kristinatex.com\/de\/wp-json\/wp\/v2\/types\/product"}],"replies":[{"embeddable":true,"href":"https:\/\/kristinatex.com\/de\/wp-json\/wp\/v2\/comments?post=2300"}],"wp:featuredmedia":[{"embeddable":true,"href":"https:\/\/kristinatex.com\/de\/wp-json\/wp\/v2\/media\/2994"}],"wp:attachment":[{"href":"https:\/\/kristinatex.com\/de\/wp-json\/wp\/v2\/media?parent=2300"}],"wp:term":[{"taxonomy":"product_cat","embeddable":true,"href":"https:\/\/kristinatex.com\/de\/wp-json\/wp\/v2\/product_cat?post=2300"},{"taxonomy":"product_tag","embeddable":true,"href":"https:\/\/kristinatex.com\/de\/wp-json\/wp\/v2\/product_tag?post=2300"}],"curies":[{"name":"wp","href":"https:\/\/api.w.org\/{rel}","templated":true}]}}