{"id":2294,"date":"2024-02-20T08:21:59","date_gmt":"2024-02-20T07:21:59","guid":{"rendered":"https:\/\/kristinatex.com\/produkt\/kristina-m\/"},"modified":"2024-08-08T11:42:59","modified_gmt":"2024-08-08T09:42:59","slug":"kristina-m","status":"publish","type":"product","link":"https:\/\/kristinatex.com\/de\/produkt-de\/kristina-m\/","title":{"rendered":"KRISTINA M"},"content":{"rendered":"<p>Der Kristina M-Stoff vereint Eleganz mit Haltbarkeit und zeichnet sich durch eine glatte Textur und eine reiche Farbpalette aus. Er verbessert jedes M\u00f6belst\u00fcck mit seinem raffinierten Aussehen und seiner langlebigen Qualit\u00e4t. Bestellen Sie Kristina M f\u00fcr ein zeitloses Upgrade.<\/p>\n<p><strong>Wa\u017cne Informacje:<\/strong> <em>Dok\u0142adamy wszelkich stara\u0144, aby obraz jak najlepiej przedstawia\u0142 zawarto\u015b\u0107 fotografii, jednak r\u00f3\u017cnice w kolorach i wygl\u0105dzie s\u0105 dopuszczalne. Barwy i balans bieli zale\u017c\u0105 od indywidualnych ustawie\u0144 wy\u015bwietlacza, na kt\u00f3rym ogl\u0105dana jest strona. <\/em><\/p>\n","protected":false},"excerpt":{"rendered":"<p><strong>Tkaniny meblowe:<\/strong> hydrofobowe<\/p>\n","protected":false},"featured_media":2295,"comment_status":"closed","ping_status":"closed","template":"","meta":{"_acf_changed":false,"inline_featured_image":false},"product_cat":[136,155],"product_tag":[],"class_list":{"0":"post-2294","1":"product","2":"type-product","3":"status-publish","4":"has-post-thumbnail","6":"product_cat-tkaniny-obiciowe","7":"product_cat-hydrofobowe","10":"instock","11":"product-type-simple"},"translation":{"provider":"WPGlobus","version":"2.12.2","language":"de","enabled_languages":["pl","en","de"],"languages":{"pl":{"title":true,"content":true,"excerpt":true},"en":{"title":false,"content":true,"excerpt":false},"de":{"title":false,"content":true,"excerpt":false}}},"acf":[],"_links":{"self":[{"href":"https:\/\/kristinatex.com\/de\/wp-json\/wp\/v2\/product\/2294","targetHints":{"allow":["GET"]}}],"collection":[{"href":"https:\/\/kristinatex.com\/de\/wp-json\/wp\/v2\/product"}],"about":[{"href":"https:\/\/kristinatex.com\/de\/wp-json\/wp\/v2\/types\/product"}],"replies":[{"embeddable":true,"href":"https:\/\/kristinatex.com\/de\/wp-json\/wp\/v2\/comments?post=2294"}],"wp:featuredmedia":[{"embeddable":true,"href":"https:\/\/kristinatex.com\/de\/wp-json\/wp\/v2\/media\/2295"}],"wp:attachment":[{"href":"https:\/\/kristinatex.com\/de\/wp-json\/wp\/v2\/media?parent=2294"}],"wp:term":[{"taxonomy":"product_cat","embeddable":true,"href":"https:\/\/kristinatex.com\/de\/wp-json\/wp\/v2\/product_cat?post=2294"},{"taxonomy":"product_tag","embeddable":true,"href":"https:\/\/kristinatex.com\/de\/wp-json\/wp\/v2\/product_tag?post=2294"}],"curies":[{"name":"wp","href":"https:\/\/api.w.org\/{rel}","templated":true}]}}