{"id":720,"date":"2021-03-03T07:06:57","date_gmt":"2021-03-03T07:06:57","guid":{"rendered":"https:\/\/themetechmount.com\/wordpress\/fablio\/?page_id=720"},"modified":"2024-03-14T17:25:13","modified_gmt":"2024-03-14T16:25:13","slug":"o-nas","status":"publish","type":"page","link":"https:\/\/kristinatex.com\/de\/o-nas\/","title":{"rendered":"O nas"},"content":{"rendered":"<div class=\"wpb-content-wrapper\"><p>[vc_row tm_bgimagefixed=&#8221;&#8221; break_in_responsive=&#8221;991&#8243; full_width=&#8221;stretch_row&#8221; tm_responsive_css=&#8221;41793898|colbreak_no|||||||||colbreak_no|||||0px||20px||colbreak_no||||||||||colbreak_no|||||||||&#8221; css=&#8221;.vc_custom_1615960871360{padding-bottom: 0px !important;}&#8221;][vc_column width=&#8221;1\/2&#8243; tm_responsive_css=&#8221;23101184|colbreak_no|||||||||colbreak_no|||||20px||||colbreak_no||||||||||colbreak_no|||||||||&#8221;][vc_single_image image=&#8221;1065&#8243; img_size=&#8221;full&#8221;][\/vc_column][vc_column width=&#8221;1\/2&#8243;]<div class=\"tm-element-heading-wrapper tm-heading-inner tm-element-align-left tm-seperator-none tm-heading-style-vertical \"><section class=\"tm-vc_cta3-container\"><div class=\"tm-vc_general tm-vc_cta3 tm-cta3-only tm-vc_cta3-style-classic tm-vc_cta3-shape-rounded tm-vc_cta3-align-left tm-vc_cta3-color-transparent tm-vc_cta3-icon-size-md tm-vc_cta3-actions-no tm-cta3-with-desc\"><div class=\"tm-vc_cta3_content-container\"><div class=\"tm-vc_cta3-content\"><header class=\"tm-vc_cta3-content-header tm-wrap\"><div class=\"tm-vc_cta3-headers tm-wrap-cell\"><h4 class=\"tm-custom-heading \" >Kim jeste\u015bmy?<\/h4>\n<h2 class=\"tm-custom-heading \" >Hurtownia tekstylna <b>od 25 lat na rynku<\/b><\/h2>\n<\/div><div class=\"heading-seperator\"><span><\/span><\/div><\/header><div class=\"tm-cta3-content-wrapper\"><p><span style=\"font-weight: 400;\">&#8220;Kristina Tex&#8221; to dynamicznie rozwijaj\u0105ca si\u0119 firma z 25-letnim do\u015bwiadczeniem, z siedzib\u0105 g\u0142\u00f3wn\u0105 w \u0141odzi, specjalizuj\u0105ca si\u0119 w sprzeda\u017cy hurtowej prz\u0119dz dziewiarskich i tkanin. Nasze produkty, w tym wysoko puszyste prz\u0119dze akrylowe, mieszanki we\u0142nianych i poliamidowych oraz ekskluzywne egipskie tkaniny d\u017cinsowe, s\u0105 dost\u0119pne w szerokiej gamie kolorystycznej, z opcj\u0105 barwienia na \u017cyczenie klienta. <\/span><span style=\"font-weight: 400;\"><br \/>\n<\/span><span style=\"font-weight: 400;\"><br \/>\n<\/span><span style=\"font-weight: 400;\">Wsp\u00f3\u0142pracujemy z renomowanymi producentami w Polsce, Europie i na Wschodzie. W odpowiedzi na zapotrzebowanie rynku, rozszerzyli\u015bmy nasz\u0105 ofert\u0119 o najwy\u017cszej jako\u015bci tkaniny obiciowe\/meblowe, odpowiadaj\u0105c na potrzeby nowoczesnych wn\u0119trz. Dzi\u0119ki du\u017cym magazynom, zapewniamy natychmiastow\u0105 dost\u0119pno\u015b\u0107 naszego asortymentu, gwarantuj\u0105c produkty o wyj\u0105tkowej trwa\u0142o\u015bci i estetyce.<\/span><\/p><\/div><\/div><\/div><\/div><\/section><\/div> <!-- .tm-element-heading-wrapper container --> \r\n\t\t<div class=\"tm-vc_btn3-container tm-vc_btn3-center\"><a class=\"tm-vc_general tm-vc_btn3 tm-vc_btn3-size-md tm-vc_btn3-shape-rounded tm-vc_btn3-style-flat tm-vc_btn3-weight-no tm-vc_btn3-color-skincolor\" href=\"\" title=\"\">Sprawd\u017a nasz\u0105 ofert\u0119:<\/a><\/div>[\/vc_column][\/vc_row][vc_row][vc_column width=&#8221;1\/3&#8243;]<div class=\"tm-single-image-wrapper imagestyle-three wpb_single_image vc_align_center \"><div class=\"tm-single-image-inner\"><img decoding=\"async\" src=\"https:\/\/kristinatex.com\/wp-content\/uploads\/2024\/02\/Rectangle-5.jpg\" class=\"tm-single-image-img\" alt=\"\" \/><\/div><\/div>[vc_empty_space][vc_custom_heading text=&#8221;Tkaniny obiciowe na meble&#8221; font_container=&#8221;tag:h4|text_align:center&#8221; use_theme_fonts=&#8221;yes&#8221;]\r\n\t\t<div class=\"tm-vc_btn3-container tm-vc_btn3-center\"><a class=\"tm-vc_general tm-vc_btn3 tm-vc_btn3-size-md tm-vc_btn3-shape-rounded tm-vc_btn3-style-flat tm-vc_btn3-weight-no tm-vc_btn3-color-skincolor\" href=\"https:\/\/kristinatex.com\/kategoria-produktu\/tkaniny-meblowe\/\" title=\"\">Zobacz produkty<\/a><\/div>[\/vc_column][vc_column width=&#8221;1\/3&#8243;]<div class=\"tm-single-image-wrapper imagestyle-three wpb_single_image vc_align_center \"><div class=\"tm-single-image-inner\"><img decoding=\"async\" src=\"https:\/\/kristinatex.com\/wp-content\/uploads\/2024\/02\/przedza-dziewiarska-hurtownia.jpg\" class=\"tm-single-image-img\" alt=\"\" \/><\/div><\/div>[vc_empty_space][vc_custom_heading text=&#8221;Prz\u0119dza dziewiarska&#8221; font_container=&#8221;tag:h4|text_align:center&#8221; use_theme_fonts=&#8221;yes&#8221;]\r\n\t\t<div class=\"tm-vc_btn3-container tm-vc_btn3-center\"><a class=\"tm-vc_general tm-vc_btn3 tm-vc_btn3-size-md tm-vc_btn3-shape-rounded tm-vc_btn3-style-flat tm-vc_btn3-weight-no tm-vc_btn3-color-skincolor\" href=\"https:\/\/kristinatex.com\/kategoria-produktu\/przedza-dziewiarska\/\" title=\"\">Zobacz produkty<\/a><\/div>[\/vc_column][vc_column width=&#8221;1\/3&#8243;]<div class=\"tm-single-image-wrapper imagestyle-three wpb_single_image vc_align_center \"><div class=\"tm-single-image-inner\"><img decoding=\"async\" src=\"https:\/\/kristinatex.com\/wp-content\/uploads\/2024\/02\/tknainy-jeans-hurtownia.jpg\" class=\"tm-single-image-img\" alt=\"\" \/><\/div><\/div>[vc_empty_space][vc_custom_heading text=&#8221;Tkaniny jeans&#8221; font_container=&#8221;tag:h4|text_align:center&#8221; use_theme_fonts=&#8221;yes&#8221;]\r\n\t\t<div class=\"tm-vc_btn3-container tm-vc_btn3-center\"><a class=\"tm-vc_general tm-vc_btn3 tm-vc_btn3-size-md tm-vc_btn3-shape-rounded tm-vc_btn3-style-flat tm-vc_btn3-weight-no tm-vc_btn3-color-skincolor\" href=\"https:\/\/kristinatex.com\/kategoria-produktu\/tkaniny-jeans\/\" title=\"\">Zobacz produkty<\/a><\/div>[\/vc_column][\/vc_row][vc_row tm_bgimagefixed=&#8221;&#8221; break_in_responsive=&#8221;991&#8243; full_width=&#8221;stretch_row&#8221; tm_responsive_css=&#8221;42472034|colbreak_no|||||||||colbreak_no|||||40px|0px|40px||colbreak_no||||||||||colbreak_no|||||||||&#8221; el_class=&#8221;tm-custome-processbox-new-style&#8221; css=&#8221;.vc_custom_1615962019765{padding-top: 180px !important;background-position: center !important;background-repeat: no-repeat !important;background-size: cover !important;}&#8221;][vc_column]<div class=\"themetechmount-boxes themetechmount-boxes-blog themetechmount-boxes-view-carousel themetechmount-boxes-col-three themetechmount-boxes-sortable-no themetechmount-boxes-textalign-center tm-cta3-rev-heading tm-boxes-carousel-arrow-round tm-boxes-carousel-arrows-hide\" data-tm-speed=\"1500\" data-tm-autoplay=\"0\" data-tm-autoplayspeed=\"4500\" data-tm-loop=\"1\" data-tm-dots=\"0\" data-tm-nav=\"hide\" data-tm-centermode=\"0\" data-tm-arrowtype=\"round\" data-tm-pauseonfocus=\"1\" data-tm-pauseonhover=\"1\" data-tm-slidestoscroll=\"1\" data-tm-effecttype=\"slide\">\n\t\t<div class=\"themetechmount-boxes-inner themetechmount-boxes-blog-inner \"><div class=\"themetechmount-box-heading-wrapper tm-element-align-center\"><div class=\"tm-element-heading-wrapper tm-heading-inner tm-element-align-center tm-seperator-none tm-heading-style-horizontal \"><section class=\"tm-vc_cta3-container\"><div class=\"tm-vc_general tm-vc_cta3 tm-cta3-only tm-vc_cta3-style-classic tm-vc_cta3-shape-rounded tm-vc_cta3-align-center tm-vc_cta3-color-transparent tm-vc_cta3-icon-size-md tm-vc_cta3-actions-no tm-cta3-with-desc\"><div class=\"tm-vc_cta3_content-container\"><div class=\"tm-vc_cta3-content\"><header class=\"tm-vc_cta3-content-header tm-wrap\"><div class=\"tm-vc_cta3-headers tm-wrap-cell\"><h4 class=\"tm-custom-heading \" >Nasz blog<\/h4>\n<h2 class=\"tm-custom-heading \" >Nowinki <b> ze \u015bwiata tekstyli\u00f3w<\/b><\/h2>\n<\/div><div class=\"heading-seperator\"><span><\/span><\/div><\/header><div class=\"tm-cta3-content-wrapper\"><p><span style=\"font-weight: 400;\">Odkryj fascynuj\u0105cy \u015bwiat tekstyli\u00f3w! Zapraszamy na nasz blog, gdzie ka\u017cdy mi\u0142o\u015bnik tkanin znajdzie co\u015b dla siebie. Od inspiruj\u0105cych poradnik\u00f3w, przez najnowsze trendy w bran\u017cy, a\u017c po ekskluzywne kulisy tworzenia naszych produkt\u00f3w. <\/span><\/p><\/div><\/div><\/div><\/div><\/section><\/div> <!-- .tm-element-heading-wrapper container --> <\/div> <!-- .tm-element-heading-wrapper container --> \n\t\t\t\t\n\t\t\t\t<div class=\"row multi-columns-row themetechmount-boxes-row-wrapper\">\n\t\t\t\t\t<div class=\"tm-box-col-wrapper col-lg-4 col-sm-6 col-md-4 col-xs-12 kristina-tex\"><article class=\"themetechmount-box themetechmount-box-blog themetechmount-blogbox-style4 themetechmount-blogbox-format- \">\n\t<div class=\"post-item\">\n\t\t<div class=\"themetechmount-box-content\">\t\t\n\t\t\t<div class=\"tm-featured-outer-wrapper tm-post-featured-outer-wrapper\">\n\t\t\t\t<div class=\"tm-featured-wrapper tm-post-featured-wrapper tm-post-format-\"><a href=\"https:\/\/kristinatex.com\/de\/podsumowanie-targow-home-decor-2024\/\"><img loading=\"lazy\" decoding=\"async\" width=\"600\" height=\"430\" src=\"https:\/\/kristinatex.com\/wp-content\/uploads\/2024\/03\/targi-home-decor-600x430.jpeg\" class=\"attachment-themetechmount-img-blog-top size-themetechmount-img-blog-top wp-post-image\" alt=\"Podsumowanie Targ\u00f3w HOME DECOR 2024\" data-id=\"2763\" \/><\/a><\/div>\t\t\t\t\t\t\t\t\t\t\t\t<span class=\"tm-meta-line posted-on tm-posted-date\">\n\t\t\t\t\t\t \n\t\t\t\t\t\t\t<span class=\"screen-reader-text tm-hide\">Posted on <\/span>\n\t\t\t\t\t\t\t<i class=\"fa fa-calendar\"><\/i>\n\t\t\t\t\t\t\t<a href=\"https:\/\/kristinatex.com\/de\/podsumowanie-targow-home-decor-2024\/\" rel=\"bookmark\">\n\t\t\t\t\t\t\t\t<time class=\"entry-date published\" datetime=\"2024-02-28T15:12:52+01:00\">2024-02-28<\/time>\n\t\t\t\t\t\t\t\t<time class=\"updated tm-hide\" datetime=\"2024-03-28T15:38:42+01:00\">2024-03-28<\/time>\n\t\t\t\t\t\t\t<\/a>\n\t\t\t\t\t\t<\/span>\n\t\t\t<\/div>\t\t\n\t\t\t<div class=\"themetechmount-box-desc\">\n\t\t\t\t<div class=\"entry-header\">\n\t\t\t\t\t<div class=\"tm-entry-meta-wrapper\">\n<div class=\"entry-meta tm-entry-meta tm-entry-meta-blogbox\">\n<span class=\"tm-meta-line comments-link\"><i class=\"tm-fablio-icon-comment-2\"><\/i> \n<a href=\"https:\/\/kristinatex.com\/de\/podsumowanie-targow-home-decor-2024\/\">\n\t<\/a><\/span><span class=\"tm-meta-line cat-links\"><i class=\"tm-fablio-icon-category\"><\/i>\n<span class=\"ts-meta-line cat-links\"><span class=\"screen-reader-text ts-hide\">Categories <\/span><a href=\"https:\/\/kristinatex.com\/de\/kategorie\/kristina-tex\/\" rel=\"category tag\">Kristina-Tex<\/a><\/span>\n<\/span><\/div>\n<\/div>\n\t\t\t\t\t<div class=\"themetechmount-box-title\"><h4><a href=\"https:\/\/kristinatex.com\/de\/podsumowanie-targow-home-decor-2024\/\">Podsumowanie Targ\u00f3w HOME DECOR 2024<\/a><\/h4><\/div>\t\t\t\t\t<div class=\"tm-box-desc\">Z przyjemno\u015bci\u0105 dzielimy si\u0119 z Wami kulisami naszego udzia\u0142u w jednym z najwi\u0119kszych wydarze\u0144 bran\u017cowych \u2013 Targach Wn\u0119trz HOME DECOR. Poznajcie nasze prze\u017cycia i emocje towarzysz\u0105ce spotkaniom z naszymi klientami i partnerami<\/div>\n\t\t\t\t\t\t\t\t\t<\/div>\t\t\t\t\t\t\n\t\t\t<\/div>\n        <\/div>\n\t<\/div>\n<\/article>\n           <\/div><div class=\"tm-box-col-wrapper col-lg-4 col-sm-6 col-md-4 col-xs-12 kristina-tex materialy nowosci\"><article class=\"themetechmount-box themetechmount-box-blog themetechmount-blogbox-style4 themetechmount-blogbox-format- \">\n\t<div class=\"post-item\">\n\t\t<div class=\"themetechmount-box-content\">\t\t\n\t\t\t<div class=\"tm-featured-outer-wrapper tm-post-featured-outer-wrapper\">\n\t\t\t\t<div class=\"tm-featured-wrapper tm-post-featured-wrapper tm-post-format-\"><a href=\"https:\/\/kristinatex.com\/de\/nowosc-kristina-m-tkanina-dostepna-od-zaraz\/\"><img loading=\"lazy\" decoding=\"async\" width=\"600\" height=\"430\" src=\"https:\/\/kristinatex.com\/wp-content\/uploads\/2024\/02\/KRISTINA-TEX-M-scaled-1-1-600x430.jpeg\" class=\"attachment-themetechmount-img-blog-top size-themetechmount-img-blog-top wp-post-image\" alt=\"KRISTINA M tkanina hydrofobowa kolory\" data-id=\"1810\" \/><\/a><\/div>\t\t\t\t\t\t\t\t\t\t\t\t<span class=\"tm-meta-line posted-on tm-posted-date\">\n\t\t\t\t\t\t \n\t\t\t\t\t\t\t<span class=\"screen-reader-text tm-hide\">Posted on <\/span>\n\t\t\t\t\t\t\t<i class=\"fa fa-calendar\"><\/i>\n\t\t\t\t\t\t\t<a href=\"https:\/\/kristinatex.com\/de\/nowosc-kristina-m-tkanina-dostepna-od-zaraz\/\" rel=\"bookmark\">\n\t\t\t\t\t\t\t\t<time class=\"entry-date published\" datetime=\"2024-02-19T11:37:26+01:00\">2024-02-19<\/time>\n\t\t\t\t\t\t\t\t<time class=\"updated tm-hide\" datetime=\"2024-03-28T15:07:59+01:00\">2024-03-28<\/time>\n\t\t\t\t\t\t\t<\/a>\n\t\t\t\t\t\t<\/span>\n\t\t\t<\/div>\t\t\n\t\t\t<div class=\"themetechmount-box-desc\">\n\t\t\t\t<div class=\"entry-header\">\n\t\t\t\t\t<div class=\"tm-entry-meta-wrapper\">\n<div class=\"entry-meta tm-entry-meta tm-entry-meta-blogbox\">\n<span class=\"tm-meta-line comments-link\"><i class=\"tm-fablio-icon-comment-2\"><\/i> \n<a href=\"https:\/\/kristinatex.com\/de\/nowosc-kristina-m-tkanina-dostepna-od-zaraz\/\">\n\t<\/a><\/span><span class=\"tm-meta-line cat-links\"><i class=\"tm-fablio-icon-category\"><\/i>\n<span class=\"ts-meta-line cat-links\"><span class=\"screen-reader-text ts-hide\">Categories <\/span><a href=\"https:\/\/kristinatex.com\/de\/kategorie\/kristina-tex\/\" rel=\"category tag\">Kristina-Tex<\/a>, <a href=\"https:\/\/kristinatex.com\/de\/kategorie\/materialy\/\" rel=\"category tag\">Materia\u0142y<\/a>, <a href=\"https:\/\/kristinatex.com\/de\/kategorie\/nowosci\/\" rel=\"category tag\">Nowo\u015bci<\/a><\/span>\n<\/span><\/div>\n<\/div>\n\t\t\t\t\t<div class=\"themetechmount-box-title\"><h4><a href=\"https:\/\/kristinatex.com\/de\/nowosc-kristina-m-tkanina-dostepna-od-zaraz\/\">Nowo\u015b\u0107 &#8211; KRISTINA M &#8211; tkanina dost\u0119pna od zaraz<\/a><\/h4><\/div>\t\t\t\t\t<div class=\"tm-box-desc\">Przedstawiamy now\u0105\u00a0tkanin\u0119 hydrofobow\u0105<\/div>\n\t\t\t\t\t\t\t\t\t<\/div>\t\t\t\t\t\t\n\t\t\t<\/div>\n        <\/div>\n\t<\/div>\n<\/article>\n           <\/div>\n\t\t\t\t<\/div>\n\t\t\t<\/div><!-- .themetechmount-boxes-inner -->   <\/div><!-- .themetechmount-boxes -->  [\/vc_column][\/vc_row]<\/p>\n<\/div>","protected":false},"excerpt":{"rendered":"<p>[vc_row tm_bgimagefixed=&#8221;&#8221; break_in_responsive=&#8221;991&#8243; full_width=&#8221;stretch_row&#8221; tm_responsive_css=&#8221;41793898|colbreak_no|||||||||colbreak_no|||||0px||20px||colbreak_no||||||||||colbreak_no|||||||||&#8221; css=&#8221;.vc_custom_1615960871360{padding-bottom: 0px !important;}&#8221;][vc_column width=&#8221;1\/2&#8243; tm_responsive_css=&#8221;23101184|colbreak_no|||||||||colbreak_no|||||20px||||colbreak_no||||||||||colbreak_no|||||||||&#8221;][vc_single_image image=&#8221;1065&#8243; img_size=&#8221;full&#8221;][\/vc_column][vc_column width=&#8221;1\/2&#8243;][\/vc_column][\/vc_row][vc_row][vc_column width=&#8221;1\/3&#8243;][vc_empty_space][vc_custom_heading text=&#8221;Tkaniny obiciowe na meble&#8221; font_container=&#8221;tag:h4|text_align:center&#8221; use_theme_fonts=&#8221;yes&#8221;][\/vc_column][vc_column width=&#8221;1\/3&#8243;][vc_empty_space][vc_custom_heading text=&#8221;Prz\u0119dza dziewiarska&#8221; font_container=&#8221;tag:h4|text_align:center&#8221; use_theme_fonts=&#8221;yes&#8221;][\/vc_column][vc_column width=&#8221;1\/3&#8243;][vc_empty_space][vc_custom_heading text=&#8221;Tkaniny jeans&#8221; font_container=&#8221;tag:h4|text_align:center&#8221; use_theme_fonts=&#8221;yes&#8221;][\/vc_column][\/vc_row][vc_row tm_bgimagefixed=&#8221;&#8221; break_in_responsive=&#8221;991&#8243; full_width=&#8221;stretch_row&#8221; tm_responsive_css=&#8221;42472034|colbreak_no|||||||||colbreak_no|||||40px|0px|40px||colbreak_no||||||||||colbreak_no|||||||||&#8221; el_class=&#8221;tm-custome-processbox-new-style&#8221; css=&#8221;.vc_custom_1615962019765{padding-top: 180px !important;background-position: center !important;background-repeat: no-repeat !important;background-size: cover !important;}&#8221;][vc_column][\/vc_column][\/vc_row]<\/p>\n","protected":false},"author":2,"featured_media":0,"parent":0,"menu_order":0,"comment_status":"closed","ping_status":"closed","template":"","meta":{"_acf_changed":false,"inline_featured_image":false,"footnotes":""},"class_list":["post-720","page","type-page","status-publish","hentry"],"translation":{"provider":"WPGlobus","version":"2.12.2","language":"de","enabled_languages":["pl","en","de"],"languages":{"pl":{"title":true,"content":true,"excerpt":false},"en":{"title":false,"content":false,"excerpt":false},"de":{"title":false,"content":false,"excerpt":false}}},"acf":[],"_links":{"self":[{"href":"https:\/\/kristinatex.com\/de\/wp-json\/wp\/v2\/pages\/720","targetHints":{"allow":["GET"]}}],"collection":[{"href":"https:\/\/kristinatex.com\/de\/wp-json\/wp\/v2\/pages"}],"about":[{"href":"https:\/\/kristinatex.com\/de\/wp-json\/wp\/v2\/types\/page"}],"author":[{"embeddable":true,"href":"https:\/\/kristinatex.com\/de\/wp-json\/wp\/v2\/users\/2"}],"replies":[{"embeddable":true,"href":"https:\/\/kristinatex.com\/de\/wp-json\/wp\/v2\/comments?post=720"}],"version-history":[{"count":14,"href":"https:\/\/kristinatex.com\/de\/wp-json\/wp\/v2\/pages\/720\/revisions"}],"predecessor-version":[{"id":1782,"href":"https:\/\/kristinatex.com\/de\/wp-json\/wp\/v2\/pages\/720\/revisions\/1782"}],"wp:attachment":[{"href":"https:\/\/kristinatex.com\/de\/wp-json\/wp\/v2\/media?parent=720"}],"curies":[{"name":"wp","href":"https:\/\/api.w.org\/{rel}","templated":true}]}}