{"id":12,"date":"2021-02-02T13:56:43","date_gmt":"2021-02-02T13:56:43","guid":{"rendered":"http:\/\/localhost\/textile_new\/?page_id=7"},"modified":"2024-08-09T07:37:34","modified_gmt":"2024-08-09T05:37:34","slug":"home","status":"publish","type":"page","link":"https:\/\/kristinatex.com\/de\/","title":{"rendered":"G\u0142\u00f3wna"},"content":{"rendered":"<div class=\"wpb-content-wrapper\"><p>[vc_row tm_bgimagefixed=&#8221;&#8221; css=&#8221;.vc_custom_1707984920526{padding-bottom: 40px !important;}&#8221;][vc_column][vc_custom_heading text=&#8221;<i>Tekstylne tkaniny obiciowe,<\/i><br \/>\nprz\u0119dza dziewiarska, tkaniny jeans&#8221; font_container=&#8221;tag:h1|text_align:left&#8221; use_theme_fonts=&#8221;yes&#8221; css_animation=&#8221;fadeInLeft&#8221;][\/vc_column][\/vc_row][vc_row tm_bgimagefixed=&#8221;true&#8221; full_width=&#8221;stretch_row&#8221; css=&#8221;.vc_custom_1707984574095{padding-top: 442px !important;background: #f2f2f2 url(https:\/\/kristinatex.com\/wp-content\/uploads\/2024\/02\/Rectangle-1.jpg?id=1639) !important;}&#8221;][vc_column][\/vc_column][\/vc_row][vc_row tm_bgimagefixed=&#8221;&#8221; css=&#8221;.vc_custom_1707986422410{padding-top: 70px !important;}&#8221;][vc_column][vc_empty_space height=&#8221;12px&#8221; el_class=&#8221;mobile-none&#8221;][\/vc_column][vc_column css_animation=&#8221;fadeInDown&#8221; el_class=&#8221;custom_number_title_element&#8221;][vc_column_text]O NAS[\/vc_column_text][\/vc_column][\/vc_row][vc_row tm_bgimagefixed=&#8221;&#8221; css=&#8221;.vc_custom_1707986451852{padding-top: 32px !important;}&#8221;][vc_column css_animation=&#8221;fadeInLeft&#8221; width=&#8221;1\/2&#8243;][vc_custom_heading text=&#8221;<strong> W centrum dzia\u0142alno\u015bci hurtowni tekstylnej Kristina-Tex s\u0105 wszelkiego rodzaju tkaniny. <\/strong>&#8221; font_container=&#8221;tag:h4|text_align:left&#8221; use_theme_fonts=&#8221;yes&#8221;][\/vc_column][vc_column css_animation=&#8221;fadeInRight&#8221; width=&#8221;1\/2&#8243;][vc_column_text]<span style=\"font-weight: 400;\">Naszym celem, ju\u017c <strong>od ponad 20 lat, jest dostarczanie klientom najwy\u017cszej jako\u015bci materia\u0142\u00f3w tekstylnych, oferuj\u0105c im niezr\u00f3wnan\u0105 palet\u0119 barw i tekstur.<\/strong> Dzi\u0119ki temu mo\u017cliwe jest \u0142atwe realizowanie najbardziej wymagaj\u0105cych projekt\u00f3w, zar\u00f3wno w bran\u017cy meblowej, jak i odzie\u017cowej czy nawet galanteryjnej.<\/span><\/p>\n<p><span style=\"font-weight: 400;\">Jako <strong>wiod\u0105ca hurtownia tekstyli\u00f3w<\/strong>, nie tylko dostarczamy tradycyjne tkaniny obiciowe na meble, ale tak\u017ce otwieramy drzwi do \u015bwiata awangardowych i unikalnych rozwi\u0105za\u0144, kt\u00f3re odmieni\u0105 ka\u017cde wn\u0119trze.<\/span><\/p>\n<p><span style=\"font-weight: 400;\"><strong>Nasze zaanga\u017cowanie w jako\u015b\u0107 oznacza, \u017ce ka\u017cdy materia\u0142 w naszym asortymencie zosta\u0142 starannie wyselekcjonowany<\/strong>, aby sprosta\u0107 najwy\u017cszym standardom estetyki i funkcjonalno\u015bci. Od eleganckich tkanin obiciowych, przez innowacyjne prz\u0119dze dziewiarskie, a\u017c po wytrzyma\u0142e tkaniny jeansowe &#8211; Kristina-Tex jest synonimem doskona\u0142o\u015bci w \u015bwiecie tekstyli\u00f3w.<\/span><\/p>\n<p><span style=\"font-weight: 400;\">Zapraszamy do odkrycia naszej kolekcji, gdzie pi\u0119kno spotyka si\u0119 z trwa\u0142o\u015bci\u0105, czego efektem s\u0105 inspiruj\u0105ce produkty.<\/span>[\/vc_column_text][\/vc_column][\/vc_row][vc_row tm_bgimage_position=&#8221;left_top&#8221; tm_bgimagefixed=&#8221;&#8221; content_placement=&#8221;middle&#8221; css=&#8221;.vc_custom_1707987036536{padding-top: 70px !important;}&#8221;][vc_column][vc_empty_space height=&#8221;79px&#8221; el_class=&#8221;mobile-none&#8221;][\/vc_column][vc_column tm_bgimage_position=&#8221;left_top&#8221; css_animation=&#8221;fadeInLeft&#8221; width=&#8221;1\/2&#8243; css=&#8221;.vc_custom_1707993902461{background-image: url(https:\/\/kristinatex.com\/wp-content\/uploads\/2024\/02\/Rectangle-2.jpg?id=1641) !important;background-position: 0 0 !important;background-repeat: no-repeat !important;}&#8221;][vc_single_image image=&#8221;1640&#8243; img_size=&#8221;full&#8221; css=&#8221;.vc_custom_1707987025139{padding-top: 14% !important;padding-left: 12% !important;}&#8221;][\/vc_column][vc_column css_animation=&#8221;fadeInRight&#8221; width=&#8221;1\/2&#8243;][vc_custom_heading text=&#8221;<i>Tkaniny meblowe<\/i><br \/>\nnajwy\u017cszej jako\u015bci&#8221; font_container=&#8221;tag:h3|text_align:left&#8221; use_theme_fonts=&#8221;yes&#8221;][vc_column_text]<span style=\"font-weight: 400;\">Oferowane przez nas <strong>tkaniny meblowe kierujemy przede wszystkim do hurtowni i producent\u00f3w mebli, oferuj\u0105c produkty o doskona\u0142ym stosunku jako\u015bci do ceny<\/strong>. Wyr\u00f3\u017cniaj\u0105 si\u0119 one wyj\u0105tkow\u0105 trwa\u0142o\u015bci\u0105 i odporno\u015bci\u0105 na codzienne u\u017cytkowanie, stanowi\u0105c idealne rozwi\u0105zanie dla obiekt\u00f3w komercyjnych oraz prywatnych wn\u0119trz. <\/span><\/p>\n<p><span style=\"font-weight: 400;\">Dzi\u0119ki du\u017cej dost\u0119pno\u015bci magazynowej, jeste\u015bmy w stanie <strong>szybko reagowa\u0107 na potrzeby naszych klient\u00f3w biznesowych, zapewniaj\u0105c sprawn\u0105 realizacj\u0119 nawet najwi\u0119kszych zam\u00f3wie\u0144<\/strong>. Zapraszamy do zapoznania si\u0119 z nasz\u0105 obszern\u0105 ofert\u0105 tkanin obiciowych, kt\u00f3re \u0142\u0105cz\u0105 praktyczno\u015b\u0107 z estetyk\u0105, przez co s\u0105 idealnym materia\u0142em dope\u0142niaj\u0105cym nawet najbardziej niestandardowe projekty meblowe i nie tylko.<\/span>[\/vc_column_text][\/vc_column][\/vc_row][vc_row tm_bgimagefixed=&#8221;&#8221; content_placement=&#8221;middle&#8221; css=&#8221;.vc_custom_1723181844582{padding-top: 70px !important;}&#8221; el_class=&#8221;mobile-column-reverse&#8221;][vc_column][vc_empty_space height=&#8221;87px&#8221; el_class=&#8221;mobile-none&#8221;][\/vc_column][vc_column css_animation=&#8221;fadeInLeft&#8221; width=&#8221;1\/2&#8243;][vc_custom_heading text=&#8221;<i>Prz\u0119dza<\/i><br \/>\ndziewiarska&#8221; font_container=&#8221;tag:h3|text_align:left&#8221; use_theme_fonts=&#8221;yes&#8221;][vc_column_text]<span style=\"font-weight: 400;\">Nasze prz\u0119dze dziewiarskie s\u0105 <strong>dostosowane do potrzeb profesjonalnych dziewiarni, oferuj\u0105c wszechstronno\u015b\u0107 zastosowa\u0144, bogactwo kolor\u00f3w oraz rodzaj\u00f3w<\/strong>. Dzi\u0119ki temu, nasze produkty idealnie nadaj\u0105 si\u0119 do produkcji szerokiej gamy wyrob\u00f3w \u2013 od odzie\u017cy po elementy dekoracyjne. <\/span><\/p>\n<p><span style=\"font-weight: 400;\">Posiadamy w ofercie <strong>szeroki wyb\u00f3r prz\u0119dz, co umo\u017cliwia naszym klientom biznesowym tworzenie innowacyjnych i r\u00f3\u017cnorodnych kolekcji<\/strong>. Zapewniamy elastyczno\u015b\u0107 zam\u00f3wie\u0144 w zakresie r\u00f3\u017cnorodno\u015bci opcji, co pozwala na <strong>idealne dopasowanie do specyficznych projekt\u00f3w i wymaga\u0144 produkcji.<\/strong> Zach\u0119camy do odkrycia naszej kolekcji prz\u0119dz, kt\u00f3ra w pe\u0142ni wspiera tw\u00f3rczo\u015b\u0107 i innowacyjno\u015b\u0107 w bran\u017cy dziewiarskiej.<\/span>[\/vc_column_text][\/vc_column][vc_column css_animation=&#8221;fadeInRight&#8221; width=&#8221;1\/2&#8243; css=&#8221;.vc_custom_1707994078270{background-position: 0 0 !important;background-repeat: no-repeat !important;}&#8221;][vc_single_image image=&#8221;1791&#8243; img_size=&#8221;full&#8221;][\/vc_column][\/vc_row][vc_row tm_bgimagefixed=&#8221;&#8221; content_placement=&#8221;middle&#8221; css=&#8221;.vc_custom_1707987271344{padding-top: 70px !important;}&#8221;][vc_column][vc_empty_space height=&#8221;87px&#8221; el_class=&#8221;mobile-none&#8221;][\/vc_column][vc_column css_animation=&#8221;fadeInLeft&#8221; width=&#8221;1\/2&#8243;][vc_single_image image=&#8221;1789&#8243; img_size=&#8221;full&#8221;][\/vc_column][vc_column css_animation=&#8221;fadeInRight&#8221; width=&#8221;1\/2&#8243; css=&#8221;.vc_custom_1707994078270{background-position: 0 0 !important;background-repeat: no-repeat !important;}&#8221;][vc_custom_heading text=&#8221;<i>Wyselekcjonowane<\/i><br \/>\ntkaniny jeans&#8221; font_container=&#8221;tag:h3|text_align:left&#8221; use_theme_fonts=&#8221;yes&#8221;][vc_column_text]<span style=\"font-weight: 400;\">Nasze tkaniny jeansowe zosta\u0142y specjalnie wyselekcjonowane z my\u015bl\u0105 o potrzebach szwalni, \u0142\u0105cz\u0105c klasyczn\u0105 trwa\u0142o\u015b\u0107 z bogactwem kolor\u00f3w i struktur. Pozwala nam to oferowa\u0107 rozwi\u0105zania idealne do tworzenia r\u00f3\u017cnorodnej odzie\u017cy jeansowej, od codziennych spodni, przez stylowe kurtki, a\u017c po unikatowe akcesoria.\u00a0<\/span><\/p>\n<p><span style=\"font-weight: 400;\">Wszystkie oferowane przez nas <strong>tkaniny jeans charakteryzuje wyj\u0105tkowa wytrzyma\u0142o\u015b\u0107 i wygl\u0105d, odpowiadaj\u0105cy najnowszym trendom w modzie<\/strong>.<\/span><\/p>\n<p><span style=\"font-weight: 400;\">Dajemy szwalniom mo\u017cliwo\u015b\u0107 wyboru z szerokiej palety odcieni i tekstur, co umo\u017cliwia realizacj\u0119 nawet najbardziej innowacyjnych i ambitnych projekt\u00f3w.<\/span>[\/vc_column_text][\/vc_column][\/vc_row][vc_row tm_bgimagefixed=&#8221;&#8221; css=&#8221;.vc_custom_1707987370190{padding-top: 70px !important;}&#8221;][vc_column][vc_empty_space height=&#8221;81px&#8221; el_class=&#8221;mobile-none&#8221;][\/vc_column][vc_column css_animation=&#8221;fadeInDown&#8221; el_class=&#8221;custom_number_title_element&#8221;][vc_column_text]<\/p>\n<h2>Co wyr\u00f3\u017cnia nasz\u0105 hurtowni\u0119 tkanin?<\/h2>\n<p>[\/vc_column_text][\/vc_column][\/vc_row][vc_row tm_bgimagefixed=&#8221;&#8221; full_width=&#8221;stretch_row&#8221; css_animation=&#8221;fadeInUp&#8221; el_class=&#8221;dark_colums_row&#8221;][vc_column width=&#8221;1\/3&#8243;][vc_custom_heading text=&#8221;01&#8243; font_container=&#8221;tag:h3|text_align:left&#8221; use_theme_fonts=&#8221;yes&#8221;][vc_column_text]<strong>Jako\u015b\u0107 i cena<\/strong><\/p>\n<p><span style=\"font-weight: 400;\">Doskona\u0142a jako\u015b\u0107 r\u00f3\u017cnorodnych tkanin w atrakcyjnej cenie.<\/span>[\/vc_column_text][\/vc_column][vc_column width=&#8221;1\/3&#8243;][vc_custom_heading text=&#8221;02&#8243; font_container=&#8221;tag:h3|text_align:left&#8221; use_theme_fonts=&#8221;yes&#8221;][vc_column_text]<strong>Dost\u0119pno\u015b\u0107 i dostawa<\/strong><\/p>\n<p><span style=\"font-weight: 400;\">Materia\u0142y dost\u0119pne od r\u0119ki, szybka dostawa nawet w du\u017cych ilo\u015bciach.<\/span>[\/vc_column_text][\/vc_column][vc_column width=&#8221;1\/3&#8243;][vc_custom_heading text=&#8221;03&#8243; font_container=&#8221;tag:h3|text_align:left&#8221; use_theme_fonts=&#8221;yes&#8221;][vc_column_text]<strong>Wysoka gramatura<\/strong><\/p>\n<p><span style=\"font-weight: 400;\">Wysoka jako\u015b\u0107 wykonania, odporno\u015b\u0107 na \u015bcieranie i eksploatacj\u0119.<\/span>[\/vc_column_text][\/vc_column][\/vc_row][vc_row tm_bgimagefixed=&#8221;true&#8221; full_width=&#8221;stretch_row&#8221; css=&#8221;.vc_custom_1707991173722{padding-top: 70px !important;padding-bottom: 70px !important;background-image: url(https:\/\/kristinatex.com\/wp-content\/uploads\/2024\/02\/neu-fd870cac3b71c342da9fd1735c861113-scaled.webp?id=1717) !important;background-position: center !important;background-repeat: no-repeat !important;background-size: cover !important;}&#8221;][vc_column][vc_empty_space el_class=&#8221;mobile-none&#8221;][vc_custom_heading text=&#8221;Kristina M \u2013 tkanina hydrofobowa&#8221; font_container=&#8221;tag:h3|text_align:left&#8221; use_theme_fonts=&#8221;yes&#8221;][vc_column_text el_class=&#8221;max-width-578&#8243;]<span style=\"font-weight: 400;\">Odkryj plamoodporn\u0105 Kristin\u0119 M \u2013 nasz\u0105 rewolucyjn\u0105 tkanin\u0119 hydrofobow\u0105, kt\u00f3ra przenosi ochron\u0119 przed plamami na zupe\u0142nie nowy poziom. Dzi\u0119ki innowacyjnej, specjalnej warstwie ochronnej, zyskujesz zabezpieczenie przed szybkim wch\u0142anianiem p\u0142ynu i czas, potrzebny na ods\u0105czenie go z tkaniny.<\/span><span style=\"font-weight: 400;\"><br \/>\n<\/span><span style=\"font-weight: 400;\"><br \/>\n<\/span><span style=\"font-weight: 400;\">Tkanina hydrofobowa Kristina M zachwyca r\u00f3wnie\u017c szerok\u0105 palet\u0105 kolorystyczn\u0105, oferuj\u0105c najmodniejsze odcienie sezonu. Teraz ka\u017cdy mo\u017ce znale\u017a\u0107 co\u015b dla siebie i doda\u0107 swoim wn\u0119trzom nie tylko niezawodn\u0105 ochron\u0119, ale i wyj\u0105tkowy styl. Wybierz Kristina M i ciesz si\u0119 pi\u0119knem bez obaw o przypadkowe plamy!<\/span>[\/vc_column_text][vc_btn title=&#8221;Poznaj tkanin\u0119&#8221; style=&#8221;outline-custom&#8221; outline_custom_color=&#8221;#000000&#8243; outline_custom_hover_background=&#8221;#000000&#8243; outline_custom_hover_text=&#8221;#ffffff&#8221; shape=&#8221;square&#8221; align=&#8221;left&#8221; link=&#8221;url:https%3A%2F%2Fkristinatex.com%2Fprodukt%2Fkristina-m%2F&#8221;][vc_empty_space el_class=&#8221;mobile-none&#8221;][\/vc_column][\/vc_row][vc_row tm_bgimagefixed=&#8221;&#8221; css=&#8221;.vc_custom_1710148636381{padding-top: 70px !important;}&#8221;][vc_column][vc_empty_space height=&#8221;56px&#8221; el_class=&#8221;mobile-none&#8221;][\/vc_column][vc_column css_animation=&#8221;fadeInDown&#8221; el_class=&#8221;custom_number_title_element&#8221;][vc_column_text]Nasze produkty[\/vc_column_text][vc_column_text]03[\/vc_column_text][\/vc_column][\/vc_row][vc_row tm_bgimagefixed=&#8221;&#8221; css_animation=&#8221;fadeInUp&#8221; el_class=&#8221;products_row img_grey_bg&#8221;][vc_column][vc_custom_heading text=&#8221;Materia\u0142y obiciowe&#8221; font_container=&#8221;tag:h4|text_align:left&#8221; use_theme_fonts=&#8221;yes&#8221;][vc_basic_grid post_type=&#8221;product&#8221; max_items=&#8221;-1&#8243; style=&#8221;load-more&#8221; items_per_page=&#8221;4&#8243; element_width=&#8221;3&#8243; btn_title=&#8221;Za\u0142aduj wi\u0119cej&#8221; grid_id=&#8221;vc_gid:1723181807203-c2fae947-1ac5-9&#8243; taxonomies=&#8221;136&#8243; offset=&#8221;2&#8243;][\/vc_column][\/vc_row][vc_row tm_bgimagefixed=&#8221;&#8221; full_width=&#8221;stretch_row&#8221; css_animation=&#8221;fadeInUp&#8221; el_class=&#8221;products_row img_light_bg&#8221; css=&#8221;.vc_custom_1710148645137{background-color: #f8f8f8 !important;}&#8221;][vc_column][vc_custom_heading text=&#8221;Prz\u0119dza dziewiarska&#8221; font_container=&#8221;tag:h4|text_align:left&#8221; use_theme_fonts=&#8221;yes&#8221;][vc_basic_grid post_type=&#8221;product&#8221; max_items=&#8221;8&#8243; style=&#8221;load-more&#8221; items_per_page=&#8221;4&#8243; element_width=&#8221;3&#8243; btn_title=&#8221;Za\u0142aduj wi\u0119cej&#8221; grid_id=&#8221;vc_gid:1723181807205-db241a96-2a9c-8&#8243; taxonomies=&#8221;151&#8243; offset=&#8221;2&#8243;][\/vc_column][\/vc_row][vc_row tm_bgimagefixed=&#8221;&#8221; css_animation=&#8221;fadeInUp&#8221; el_class=&#8221;products_row img_grey_bg&#8221;][vc_column][vc_custom_heading text=&#8221;Jeans&#8221; font_container=&#8221;tag:h4|text_align:left&#8221; use_theme_fonts=&#8221;yes&#8221;][vc_basic_grid post_type=&#8221;product&#8221; max_items=&#8221;-1&#8243; style=&#8221;load-more&#8221; items_per_page=&#8221;4&#8243; element_width=&#8221;3&#8243; btn_title=&#8221;Za\u0142aduj wi\u0119cej&#8221; grid_id=&#8221;vc_gid:1723181807207-27481e39-2710-2&#8243; taxonomies=&#8221;150&#8243; offset=&#8221;2&#8243;][\/vc_column][\/vc_row]<\/p>\n<\/div>","protected":false},"excerpt":{"rendered":"<p>[vc_row tm_bgimagefixed=&#8221;&#8221; css=&#8221;.vc_custom_1707984920526{padding-bottom: 40px !important;}&#8221;][vc_column][vc_custom_heading text=&#8221;Tekstylne tkaniny obiciowe, prz\u0119dza dziewiarska, tkaniny jeans&#8221; font_container=&#8221;tag:h1|text_align:left&#8221; use_theme_fonts=&#8221;yes&#8221; css_animation=&#8221;fadeInLeft&#8221;][\/vc_column][\/vc_row][vc_row tm_bgimagefixed=&#8221;true&#8221; full_width=&#8221;stretch_row&#8221; css=&#8221;.vc_custom_1707984574095{padding-top: 442px !important;background: #f2f2f2 url(https:\/\/kristinatex.com\/wp-content\/uploads\/2024\/02\/Rectangle-1.jpg?id=1639) !important;}&#8221;][vc_column][\/vc_column][\/vc_row][vc_row tm_bgimagefixed=&#8221;&#8221; css=&#8221;.vc_custom_1707986422410{padding-top: 70px !important;}&#8221;][vc_column][vc_empty_space height=&#8221;12px&#8221; el_class=&#8221;mobile-none&#8221;][\/vc_column][vc_column css_animation=&#8221;fadeInDown&#8221; el_class=&#8221;custom_number_title_element&#8221;][vc_column_text]O NAS[\/vc_column_text][\/vc_column][\/vc_row][vc_row tm_bgimagefixed=&#8221;&#8221; css=&#8221;.vc_custom_1707986451852{padding-top: 32px !important;}&#8221;][vc_column css_animation=&#8221;fadeInLeft&#8221; width=&#8221;1\/2&#8243;][vc_custom_heading text=&#8221; W centrum dzia\u0142alno\u015bci hurtowni tekstylnej Kristina-Tex s\u0105 wszelkiego rodzaju tkaniny. &#8221; font_container=&#8221;tag:h4|text_align:left&#8221; use_theme_fonts=&#8221;yes&#8221;][\/vc_column][vc_column css_animation=&#8221;fadeInRight&#8221; width=&#8221;1\/2&#8243;][vc_column_text]Naszym celem,&hellip; <\/p>\n","protected":false},"author":2,"featured_media":0,"parent":0,"menu_order":0,"comment_status":"closed","ping_status":"closed","template":"","meta":{"_acf_changed":false,"inline_featured_image":false,"footnotes":""},"class_list":["post-12","page","type-page","status-publish","hentry"],"translation":{"provider":"WPGlobus","version":"2.12.2","language":"de","enabled_languages":["pl","en","de"],"languages":{"pl":{"title":true,"content":true,"excerpt":false},"en":{"title":false,"content":false,"excerpt":false},"de":{"title":false,"content":false,"excerpt":false}}},"acf":[],"_links":{"self":[{"href":"https:\/\/kristinatex.com\/de\/wp-json\/wp\/v2\/pages\/12","targetHints":{"allow":["GET"]}}],"collection":[{"href":"https:\/\/kristinatex.com\/de\/wp-json\/wp\/v2\/pages"}],"about":[{"href":"https:\/\/kristinatex.com\/de\/wp-json\/wp\/v2\/types\/page"}],"author":[{"embeddable":true,"href":"https:\/\/kristinatex.com\/de\/wp-json\/wp\/v2\/users\/2"}],"replies":[{"embeddable":true,"href":"https:\/\/kristinatex.com\/de\/wp-json\/wp\/v2\/comments?post=12"}],"version-history":[{"count":57,"href":"https:\/\/kristinatex.com\/de\/wp-json\/wp\/v2\/pages\/12\/revisions"}],"predecessor-version":[{"id":3165,"href":"https:\/\/kristinatex.com\/de\/wp-json\/wp\/v2\/pages\/12\/revisions\/3165"}],"wp:attachment":[{"href":"https:\/\/kristinatex.com\/de\/wp-json\/wp\/v2\/media?parent=12"}],"curies":[{"name":"wp","href":"https:\/\/api.w.org\/{rel}","templated":true}]}}